{"id":150,"date":"2020-07-15T10:49:40","date_gmt":"2020-07-15T10:49:40","guid":{"rendered":"https:\/\/www.uploadgig.xyz\/?page_id=150"},"modified":"2020-07-27T11:22:41","modified_gmt":"2020-07-27T11:22:41","slug":"uploadgig-premium-account-the-best-valued-file-hosting-site","status":"publish","type":"page","link":"https:\/\/www.uploadgig.xyz\/de\/","title":{"rendered":"UploadGIG Premium Account &#8211; Die am besten bewertete Datei-Hosting-Site"},"content":{"rendered":"<a class=\"maxbutton-1 maxbutton maxbutton-cta\" target=\"_blank\" rel=\"nofollow noopener\" href=\"\/go\/\"><span class='mb-text'>&gt;&gt; Gehen Sie zur offiziellen Website Uploadgig.com<\/span><\/a>\n\n\n<p><\/p>\n\n\n\n<h2>Was ist ein File Hoster?<\/h2>\n\n\n\n<p>Ein Filehoster ist ein Dienstanbieter, der Benutzerdateien unter Verwendung von Cloud-basierter Speicherung und des Internets hostet. Er ist insbesondere darauf ausgelegt, Benutzerdateien zu empfangen, zu speichern und zu \u00fcbertragen. Er erm\u00f6glicht es Benutzern, Dateien hochzuladen, auf die auf mehreren Ger\u00e4ten unter Verwendung des Internets zugegriffen werden k\u00f6nnte, nachdem ein Benutzername und ein Passwort bereitgestellt wurden.<\/p>\n\n\n\n<p>Wenn Sie mehr erfahren m\u00f6chten, klicken Sie hier: <strong><a href=\"https:\/\/www.uploadgig.info\/de\" target=\"_blank\" aria-label=\"undefined (opens in a new tab)\" rel=\"noreferrer noopener\">Uploadgig<\/a><\/strong><\/p>\n\n\n\n<p>Dieser Dienst bietet einen einwandfreien Zugang zu allem, was der Benutzer von \u00fcberall her hochgeladen hat, seien es wichtige pers\u00f6nliche Dokumente oder Arbeitsdateien. Durch die Verwendung von Datei-Hostern sind die Benutzer nicht an ihre Arbeitsrechner gebunden, um auf ihre Dateien zuzugreifen. Sie k\u00f6nnen an ihren Dateien arbeiten, w\u00e4hrend sie im Bus unterwegs sind, auf der Couch und sogar in ihren jeweiligen Hotelzimmern, das Einzige, was erforderlich ist, ist eine stabile Internetverbindung. Die Verwendung eines Dateihosters bedeutet, dass Sie sich keine E-Mails mit einem angeh\u00e4ngten Dokument schicken oder USB-Laufwerke verwenden m\u00fcssen.<\/p>\n\n\n\n<h2>Was ist UploadGIG?<\/h2>\n\n\n\n<figure class=\"wp-block-image\"><img src=\"https:\/\/lh4.googleusercontent.com\/bw8FEg3nowbVe1p5nc_fJZpa6hc9SS5dq36GrCRFl3bEXHJ3iX8rQlq3BhhtUuQQdbFKJz2Lx5P-qRmZuZTxiVJaZOKBSLjPl0PUH4UzGXxkOe0S98HU6OGClK3nVviY2QDiDCGW\" alt=\"UploadGIG logo\" title=\"UploadGIG logo\"\/><\/figure>\n\n\n\n<p>UploadGIG ist ein Dateiservice-Host, bei dem Benutzer wichtige Dateien speichern und auf diese Dateien sofort oder wann immer sie sie ben\u00f6tigen, zugreifen k\u00f6nnen. Benutzer k\u00f6nnen Dokumente und Medien auf der Website zuverl\u00e4ssig hoch- und herunterladen und von ihrem sicheren Cloud-Storage-Anbieter profitieren. Die Website ist sehr einfach zu benutzen und hochsicher. Sie ist stolz darauf, ein 100%iges Sicherheitsniveau sowohl f\u00fcr Dateien als auch f\u00fcr Benutzer zu bieten. Daher ist sie ideal f\u00fcr die pers\u00f6nliche, individuelle und professionelle Nutzung.<\/p>\n\n\n\n<p>Dar\u00fcber hinaus macht ihr professionelles Design die Anmeldung sehr einfach. Ein Benutzer muss entweder eine verifizierte E-Mail bereitstellen oder sie mit seinem Social-Media-Konto verlinken. Nach einer erfolgreichen Account-Erstellung kann UploadGIG sofort verwendet werden. Den Benutzern werden verschiedene Pakete zur Auswahl angeboten. Das regul\u00e4re Paket ist absolut kostenlos, es werden jedoch auch Premium-Accounts mit zus\u00e4tzlichen Funktionen angeboten, die genau auf die Bed\u00fcrfnisse der Kunden zugeschnitten sind.<\/p>\n\n\n\n<h3>Was ist &#8222;Wolke&#8220;?<\/h3>\n\n\n\n<p>Die Cloud bezieht sich auf den Datenspeicher, der nicht direkt vom Benutzer verwaltet wird. Sie bezieht sich auf die Datenzentren, in denen Dokumente, Medien und andere Dateien gespeichert und \u00fcber das Internet abgerufen werden k\u00f6nnen, unabh\u00e4ngig vom verwendeten Ger\u00e4t und dem Standort des Benutzers. Dies wird durch die Server der Off-Site-Anbieter und das Internet erm\u00f6glicht.<\/p>\n\n\n\n<p>Einfach ausgedr\u00fcckt: Dateien, die in der Cloud oder auf Off-Site-Servern gespeichert sind, sind \u00fcberall, jederzeit und auf jedem Ger\u00e4t zug\u00e4nglich, vorausgesetzt, der Benutzer verf\u00fcgt \u00fcber eine Internetverbindung.<\/p>\n\n\n\n<h3>Warum UploadGIG verwenden?<\/h3>\n\n\n\n<p>Bei der Auswahl eines Datei-Hosters m\u00fcssen sich die Benutzer darauf verlassen:<\/p>\n\n\n\n<ol><li>Die Arten von Dateien, die sie speichern m\u00f6chten, seien es Dokumente, Tabellenkalkulationen, Software, Medien, Fotos, Videos oder Filme;<\/li><li>wie viel Sicherheit sie ben\u00f6tigen oder wie sicher die File-Hosting-Site ist, um sowohl Dateien als auch Benutzerkonten sicher aufzubewahren;<\/li><li>ob sie kooperieren oder Dateien mit anderen Verbrauchern austauschen wollen. Im Falle einer professionellen Nutzung, das Ausma\u00df der Notwendigkeit, Dateien zwischen Kollegen und Teamkollegen auszutauschen;<\/li><li>die Ger\u00e4te, die zum Bearbeiten, Organisieren und Zugreifen auf die Dateien verwendet werden; und<\/li><li>Der Komfort Intensit\u00e4t mit, wie benutzerfreundlich die Website ist, da eine andere Unterst\u00fctzung ist sehr entgegenkommend, w\u00e4hrend einige Angebot macht Fortschritte bei der Anpassung f\u00fcr zus\u00e4tzliche geschickte Technophile.<\/li><\/ol>\n\n\n\n<p>Zum einen ist UploadGIG eine M\u00f6glichkeit, Dateien online zu speichern und auszutauschen. Um es weiter zu veranschaulichen: Es arbeitet als Cloud-Storage-Anbieter, bei dem der Benutzer wichtige Dateien, Dokumente und Medien kostenlos speichern kann. Es eignet sich auch ideal zum Speichern pers\u00f6nlicher Daten f\u00fcr eine Vielzahl von Computern, und Sie m\u00fcssten sich keine Sorgen mehr dar\u00fcber machen, einen USB-Stick mit sich herumzutragen.<\/p>\n\n\n\n<p>Zweitens kann er als Backup f\u00fcr Dateien und Medien verwendet werden. Es ist notwendig, Sicherheitskopien von wichtigen Dateien aufzubewahren, denn wir werden nie wissen, was passieren k\u00f6nnte. Mit UploadGIG sind die Benutzer in der Lage, einfach Backups zu erstellen und Dateien herunterzuladen, wenn sie sie brauchen. Dateikopien erstellen und sicher aufbewahren.<\/p>\n\n\n\n<p>Drittens wird der Austausch von Benutzerdateien mit dem Rest der Welt unterst\u00fctzt. Die Weitergabe von Fotos und Videos an Verwandte wurde vereinfacht. Auf professioneller Ebene k\u00f6nnen Arbeitsdateien, Dokumente und Medien auch mit Kollegen und Teamkollegen geteilt werden. Kein Wunder, dass viele Gesch\u00e4ftsinhaber und Fachleute die Anbieter von Online-Speicherplatz sehr praktisch finden, denn er ist leicht verf\u00fcgbar und sehr n\u00fctzlich. Er ist auch ideal f\u00fcr diejenigen, die Dateien austauschen m\u00f6chten, die zu gro\u00df sind, um sie per E-Mail zu versenden.<\/p>\n\n\n\n<p>Viertens eignet sich UploadGIG ebenfalls f\u00fcr diejenigen, die sichere Remote-Speicherkapazit\u00e4t f\u00fcr Off-Site-Backups ben\u00f6tigen.<\/p>\n\n\n\n<h2>Welche Dateien k\u00f6nnen Benutzer hochladen?<\/h2>\n\n\n\n<p>Benutzer k\u00f6nnen alle Dokumente und Medien hochladen, die sie f\u00fcr wichtig erachten oder die einen einfachen Zugang und Austausch ben\u00f6tigen. Sie k\u00f6nnen fast jede Art von Datei hochladen. Seien Sie sich jedoch \u00fcber einige bestehende Einschr\u00e4nkungen und Restriktionen im Klaren. Wie jeder andere Anbieter von Cloud-Diensten ist es den Nutzern nicht gestattet, diese hochzuladen:<\/p>\n\n\n\n<ul><li>Dateien im Zusammenhang mit Pornographie, sexuellen Bildern;<\/li><li>Dateien im Zusammenhang mit jeglicher Art von anst\u00f6\u00dfigem, bel\u00e4stigendem oder gewaltt\u00e4tigem Material; und<\/li><li>Urheberrechtlich gesch\u00fctzte Dateien und Materialien.<\/li><\/ul>\n\n\n\n<p>Um zu garantieren, dass es keine Verst\u00f6\u00dfe gegen die Regeln und Vorschriften der Websites gibt, sollten Sie die Nutzungsbedingungen lesen und \u00fcberpr\u00fcfen. Abgesehen von den genannten Einschr\u00e4nkungen k\u00f6nnen die Benutzer die Website auf jede beliebige Art und Weise nutzen.<\/p>\n\n\n\n<h3>Wie kann ein Benutzer Dateien hochladen?<\/h3>\n\n\n\n<p>Ein Benutzer hat drei Optionen, wie er seine Dateien hochladen kann. Die erste ist \u00fcber die Funktion Web-Upload. Ein Benutzer kann eine Datei mit jedem Webbrowser und jedem Ger\u00e4t mit Internetverbindung hochladen. Die zweite M\u00f6glichkeit ist das Hochladen \u00fcber die Funktion Remote Upload. Mit dieser Funktion kann ein Benutzer eine Datei \u00fcber den spezifischen Link einer Datei remote hochladen. Schlie\u00dflich kann ein Benutzer eine Datei \u00fcber das File Transfer Protocol oder die FTP-Upload-Funktion hochladen. Dabei wird ein Ger\u00e4t verwendet, das auch die Anwendung eines FTP-Clients unterst\u00fctzt.<\/p>\n\n\n\n<h3>K\u00f6nnen Benutzer Dateien gemeinsam nutzen?<\/h3>\n\n\n\n<p>Eine weitere Funktion, die von UploadGIG unterst\u00fctzt wird, besteht darin, dass die Benutzer ihre hochgeladenen Dateien jedem zur Verf\u00fcgung stellen k\u00f6nnen, den sie brauchen oder wollen. Hochgeladene Dateien in UploadGIG generieren auch einen Download-Link. Die Benutzer m\u00fcssen nur den Download-Link der\/den jeweiligen Person(en) zur Verf\u00fcgung stellen, mit der\/denen sie ihre hochgeladene Datei teilen m\u00f6chten.<\/p>\n\n\n\n<h3>K\u00f6nnen Benutzer Dateien l\u00f6schen?<\/h3>\n\n\n\n<p>Ja! UploadGIG hat eine Funktion zum L\u00f6schen einer Datei oder von Dateien, von denen die Benutzer meinen, sie h\u00e4tten keine Verwendung f\u00fcr sie. Der Benutzer hat die M\u00f6glichkeit, die Dateien vor Ablauf des Verfallsdatums zu l\u00f6schen. UploadGIG gibt dem Benutzer einen Link f\u00fcr die spezifische Datei, die gel\u00f6scht werden soll. Der Benutzer braucht nur auf den angegebenen Link zu klicken, und die Datei wird automatisch vom System gel\u00f6scht. Auch wenn der Benutzer jemals den L\u00f6sch-Link verloren hat, werden die Dateien nach Ablauf des Verfallsdatums automatisch gel\u00f6scht. Wenn Dateien dringend gel\u00f6scht werden m\u00fcssen, k\u00f6nnen sich Benutzer auch an das UploadGIG-Support-Team wenden.<\/p>\n\n\n\n<h3>Sind die Dateien sicher?<\/h3>\n\n\n\n<p>Ja! UploadGIG verlangt von den Benutzern, ein passwortgesch\u00fctztes Konto zu erstellen, in dem sie Dateien zur Speicherung hochladen und bei Bedarf herunterladen k\u00f6nnen. Als Standardverfahren k\u00f6nnen und werden andere Benutzer nicht in der Lage sein, auf die Dateien anderer Benutzer zuzugreifen. Aus diesem Grund erlaubt es den Benutzern nicht, nach den Uploads anderer Benutzer zu suchen, und gilt als illegal. W\u00e4hrend der Uploader ihre Dateien m\u00fchelos finden kann, w\u00e4hrend sie sich innerhalb der Uploads bewegen. Bei besser organisierten Konten und Dateien k\u00f6nnen die Benutzer sie ebenfalls weiter entsprechend sortieren.<\/p>\n\n\n\n<p>Die Benutzer m\u00fcssen sich keine Sorgen machen, dass andere diese Dateien herunterladen, da sie dies nur tun k\u00f6nnen, wenn sie den Download-Link haben. Es wird auch darauf hingewiesen, dass UploadGIG gro\u00dfen Wert auf die Privatsph\u00e4re der Benutzer legt.<\/p>\n\n\n\n<h2>Wie erstellt man ein UploadGIG-Konto?<\/h2>\n\n\n\n<p>Um ein UploadGIG-Konto zu erstellen und hochzuladen. F\u00fcllen Sie das bereitgestellte Formular mit einer g\u00fcltigen E-Mail und einem sicheren Passwort aus. Klicken Sie auch auf das CAPTCHA, um sicherzustellen, dass derjenige, der ein Konto erstellt, ein Mensch ist. Was die Eingabe von Daten betrifft, so ist CAPTCHA dazu gedacht, Menschen von Maschinen zu erkennen, es ist ein Programm, das als Mittel zum Stoppen von Spam und zur automatischen Datenerfassung von der Website verwendet wird. Nach der Erstellung eines Kontos werden die Benutzer dann gebeten, ihre E-Mail zu best\u00e4tigen, um den Prozess der Kontoerstellung abzuschlie\u00dfen.<\/p>\n\n\n\n<p>Eine andere M\u00f6glichkeit, ein Konto zu erstellen, besteht darin, es entweder mit einem bestehenden Social-Media-Konto oder mit bestehenden E-Mail-Plattformen zu verbinden. Die Benutzer k\u00f6nnen ihren Datei-Hosting-Service sofort nach der Erstellung eines Kontos nutzen. Genauer gesagt, Social-Media-Accounts wie Facebook oder Twitter und bestehende E-Mail-Plattformen wie Yahoo oder Google.<\/p>\n\n\n\n<p>UploadGIG bietet sowohl kostenlose als auch Premium-Accounts an, mit zus\u00e4tzlichen Funktionen, die den verschiedenen Benutzerbed\u00fcrfnissen gerecht werden k\u00f6nnen. Nach der Anmeldung sind die Benutzerkonten kostenlos. Sie haben jedoch die M\u00f6glichkeit, zu einem Premium-Konto mit verschiedenen Premium-Paketen aufzur\u00fcsten.<\/p>\n\n\n\n<h3>Kostenloses vs. UploadGIG Premium-Konto im Vergleich<\/h3>\n\n\n\n<figure class=\"wp-block-table\"><table><tbody><tr><td>UploadGIG-Funktionen<\/td><td>Kostenloses Konto<\/td><td>Premium-Konto<\/td><\/tr><tr><td>Download-Geschwindigkeit<\/td><td>F\u00fcnfzig Kilobyte pro Sekunde (50 KB\/s)<\/td><td>Nicht begrenzt<\/td><\/tr><tr><td>Download-Zeit<\/td><td>Zwischen sechzig (60) Sekunden bis zehn (10) Minuten und vierzehn (14) Sekunden<\/td><td>Null (0) bis drei (3) Sekunden<\/td><\/tr><tr><td>Kosten<\/td><td>V\u00f6llig frei<\/td><td>H\u00e4ngt vom gekauften UploadGIG-Premium-Paket ab<\/td><\/tr><tr><td>Anzahl der herunterladbaren Dateien<\/td><td>Nur eine (1) Datei kann pro Stunde<\/td><td>Keine Einschr\u00e4nkungen beim Herunterladen einer Datei<\/td><\/tr><tr><td>Mit Anzeigen<\/td><td>Ja<\/td><td>Nein<\/td><\/tr><tr><td>Unterst\u00fctzt die Wiederaufnahme des Downloads<\/td><td>Nein<\/td><td>Ja<\/td><\/tr><tr><td>Mit Wartezeit vor dem Start eines Downloads<\/td><td>Ja<\/td><td>Nein<\/td><\/tr><\/tbody><\/table><\/figure>\n\n\n\n<h3>Warum UploadGIG Premium w\u00e4hlen?<\/h3>\n\n\n\n<p>Der UploadGIG-Premium-Account bietet eine werbefreie Website ohne Verz\u00f6gerungen beim Herunterladen, ohne Begrenzungen und Einschr\u00e4nkungen beim Herunterladen einer Datei, ohne Verfall von Dateien und mit schnellerem Hoch- und Herunterladen. Ziehen Sie daher in Betracht, Ihren kostenlosen UploadGIG-Account auf den UploadGIG-Premium-Account hochzustufen.<\/p>\n\n\n\n<p>Ein UploadGIG-Premium-Account bietet seinen Nutzern viele Vorteile gegen\u00fcber dem kostenlosen UploadGIG-Account. Dies ist darauf zur\u00fcckzuf\u00fchren, dass der Premium-Account im Vergleich zum Gratis-Account mit einer Geschwindigkeit von f\u00fcnfzig Kilobyte pro Sekunde (50 KB\/s) eine h\u00f6here Download-Geschwindigkeit aufweist. Das ist in Bezug auf die Geschwindigkeit ein riesiger Unterschied zwischen dem kostenlosen und dem Premium-Account. Der Wechsel zu einem UploadGIG-Premium-Account bietet den Benutzern null Verz\u00f6gerungen beim Herunter- oder Hochladen einer Datei und bietet keine Begrenzung und keine Einschr\u00e4nkungen bei der Anzahl der herunterzuladenden Dateien, die Benutzer k\u00f6nnen so viele Dateien herunterladen, wie sie m\u00f6chten. Ein weiteres Plus: Mit dem UploadGIG-Premium-Account m\u00fcssen sich die Benutzer nicht mit st\u00f6render Werbung auf der Website herumschlagen.<\/p>\n\n\n\n<h3>Was sind die UploadGIG-Pr\u00e4miens\u00e4tze?<\/h3>\n\n\n\n<figure class=\"wp-block-image\"><img src=\"https:\/\/lh5.googleusercontent.com\/AR_ygX7F-lMc-cc_1o-pvzH66SgtyHwUnWtEqOTnJ2JZ678lutACx7aTJrJNCW6zdDm37w2w1VcfN1XdfDZEF4mdoC-Am9PJCosOM8_iRWukyrqg_PzkQXTk16HJcwe_Zl-kyr7q\" alt=\"UploadGIG Premium Rates + Mode of Payment\" title=\"UploadGIG Premium Rates + Mode of Payment\"\/><\/figure>\n\n\n<a class=\"maxbutton-1 maxbutton maxbutton-cta\" target=\"_blank\" rel=\"nofollow noopener\" href=\"\/go\/\"><span class='mb-text'>&gt;&gt; Gehen Sie zur offiziellen Website Uploadgig.com<\/span><\/a>\n\n\n<p><\/p>\n\n\n\n<p>Mit einem Premium-Account k\u00f6nnen die Nutzer eine maximale Download-Geschwindigkeit genie\u00dfen, au\u00dferdem werden sie in der Lage sein, eine Funktion namens Paralleldownload zu nutzen, die die Download-Geschwindigkeit beschleunigt, indem parallele Jobs f\u00fcr die Abwicklung des Downloads geschaffen werden. Premium-Accounts bieten au\u00dferdem einen kostenlosen Direktwerbung-Download, und die Nutzer k\u00f6nnen sich auch von Wartezeiten verabschieden und zu 100% anonym bleiben. Auch diese Vorteile eines Premium-Accounts sind zu einem sehr erschwinglichen Preis erh\u00e4ltlich. F\u00fcr nur 12 Dollar k\u00f6nnen Benutzer diese Funktionen 30 Tage lang nutzen, und 25 Dollar reichen f\u00fcr 90 Tage. 90-Tage-Premium-Accounts sind bei den Kunden am beliebtesten, w\u00e4hrend das 365-Tage-Konto f\u00fcr 86 Dollar das beste Angebot der Website ist.<\/p>\n\n\n\n<h3>Was sind die verf\u00fcgbaren Zahlungsoptionen?<\/h3>\n\n\n\n<p>Um den Benutzern einen einfachen und bequemen Weg zum Kauf von Produkten und Dienstleistungen zu bieten, unterst\u00fctzt UploadGIG mehrere Zahlungsoptionen. Siehe unten f\u00fcr die folgenden unterst\u00fctzten Zahlungsoptionen von UploadGIG.<\/p>\n\n\n\n<figure class=\"wp-block-table\"><table><tbody><tr><td>Visa oder MasterCard<\/td><td>PayPal oder Bitcoin oder Altcoin<\/td><td>Cherry Credits<\/td><td>Trustpay<\/td><\/tr><tr><td>Alipay<\/td><td>Yandex Money<\/td><td>Neosurf<\/td><td>Boleto<\/td><\/tr><tr><td>DineroMail<\/td><td>Banamex<\/td><td>Poli<\/td><td>Und viele andere<\/td><\/tr><\/tbody><\/table><\/figure>\n\n\n\n<p>Nach der erfolgreichen Zahlung des UploadGIG-Premium-Account-Pakets erhalten Nutzer innerhalb von nur vierundzwanzig (24) Stunden eine Nachricht mit dem Premium-Account-Paket an ihre verifizierte E-Mail-Adresse. UploadGIG stellt den Kunden keine wiederkehrenden Geb\u00fchren in Rechnung, sie haben versprochen, dass sie die Kreditkarten, PayPal-Konten, Bankkonten oder andere Zahlungskonten des Kunden nach Ablauf ihres UploadGIG-Premium-Accounts nicht belasten werden, es sei denn, sie entscheiden sich f\u00fcr einen erneuten Kauf.<\/p>\n\n\n\n<h2>Andere in UploadGIG unterst\u00fctzte Features<\/h2>\n\n\n\n<h3>Wiederverk\u00e4ufer von UploadGIG<\/h3>\n\n\n\n<p>UploadGig hat verschiedene Wiederverk\u00e4ufer aus verschiedenen L\u00e4ndern auf der ganzen Welt. Menschen k\u00f6nnen UploadGig-Produkte und -Dienstleistungen direkt und mit Hilfe der Wiederverk\u00e4ufer kaufen. Sollte ein Benutzer einmal nicht in der Lage sein, \u00fcber Online-Zahlungen einzukaufen, dann kann er bei den zugelassenen offiziellen Wiederverk\u00e4ufern von UploadGIG, die in der untenstehenden Tabelle aufgef\u00fchrt sind, einkaufen. Benutzer k\u00f6nnen auch auf die UploadGIG-Wiederverk\u00e4ufer-Seite der Website gehen.<\/p>\n\n\n\n<p>Sites, auf denen ein Benutzer das UploadGIG-Premium-Paket und den UploadGIG-Premium-Account-Aktivierungsschl\u00fcssel nutzen kann:<\/p>\n\n\n\n<figure class=\"wp-block-table\"><table><tbody><tr><td>Sicheres Schlie\u00dffach<\/td><td>Schl\u00fcssel Instant<\/td><td>Premium<\/td><\/tr><tr><td>Premium-Schl\u00fcssel<\/td><td>Premium-Schl\u00fcssel kaufen<\/td><td>365 Pr\u00e4mie<\/td><\/tr><tr><td>Alipay-Wiederverk\u00e4ufer<\/td><td>Premium-Gutschein<\/td><td>Taobao (China)<\/td><\/tr><tr><td>One-Click Reseller<\/td><td>Premium KeyStore<\/td><td>Yahoo!-Auktionen (Japan)<\/td><\/tr><\/tbody><\/table><\/figure>\n\n\n\n<p>UploadGIG r\u00e4t allen, keine Produkte und Dienstleistungen von Gruppen oder Organisationen zu kaufen, die nicht in der Liste der autorisierten Wiederverk\u00e4ufer aufgef\u00fchrt sind.<\/p>\n\n\n\n<h4>Wie wird man ein Wiederverk\u00e4ufer von UploadGIG?<\/h4>\n\n\n\n<p>Um zu den Wiederverk\u00e4ufern von UploadGIG in ihrem Land zu geh\u00f6ren, m\u00fcssen Benutzer ein Ticket ausf\u00fcllen und beantragen, Wiederverk\u00e4ufer von UploadGIG zu werden. Ein Benutzer muss die folgenden erforderlichen Informationen f\u00fcr das Ticket ausf\u00fcllen:<\/p>\n\n\n\n<ol><li>Der Betreff der Nachricht;<\/li><li>die E-Mail-Adresse des Benutzers;<\/li><li>Der Inhalt der Nachricht; und<\/li><li>Das richtige CAPTCHA<\/li><\/ol>\n\n\n\n<p>Nachdem Sie die Felder f\u00fcr das Ticket ausgef\u00fcllt haben, klicken Sie auf die Schaltfl\u00e4che &#8222;Senden&#8220;, um eine Anfrage an die UploadGIG zu senden.<\/p>\n\n\n\n<h3>Das Partnerprogramm von UploadGIG<\/h3>\n\n\n\n<p>UploadGIG bietet seinen Benutzern eine M\u00f6glichkeit, w\u00e4hrend der Nutzung der Website Geld zu verdienen, und zwar \u00fcber das Partnerprogramm. Als Affiliate kommen die Benutzer in den Genuss gro\u00dfz\u00fcgiger Provisionss\u00e4tze mit den leistungsst\u00e4rksten Anzeigen und Landing Pages, die sie haben. Das Beste von allem ist, dass die Abonnementspl\u00e4ne \u00e4u\u00dferst wettbewerbsf\u00e4hig sind.<\/p>\n\n\n\n<h4>Wie kann man im Partnerprogramm beginnen und verdienen?<\/h4>\n\n\n\n<p>Genau wie bei einigen anderen Partnerprogrammen m\u00fcssen sich die Benutzer zuerst anmelden. Sobald sie als letzter Partner genehmigt sind, m\u00fcssen die Benutzer die ausgegebene URL registrieren, die zur Weiterleitung von G\u00e4sten verwendet wird. Nachdem die Affiliate-URL aufgezeichnet und best\u00e4tigt wurde, k\u00f6nnten die Benutzer das Wort Links oder Poster w\u00e4hlen, das Sie f\u00fcr Ihre Website verwenden werden.<\/p>\n\n\n\n<p>Diese Banner und Textlinks werden dann verwendet, um Verk\u00e4ufe zu generieren. Dieser URL-Link kann auf Kontoverweise angewendet werden. Ziel ist es, dass die Empfehlung einen Kauf \u00fcber den URL-Link absichert und der Benutzer im Gegenzug eine Provision erh\u00e4lt.<\/p>\n\n\n\n<h4>Welche Kontoarten gibt es f\u00fcr das Partnerprogramm?<\/h4>\n\n\n\n<p>Wie bereits erw\u00e4hnt, kann ein Benutzer auch mit seinen Empfehlungen Geld verdienen, aber es kommt darauf an, in welchem Kontotyp er sich befindet. Die UploadGIG-Kontotypen f\u00fcr das Partnerprogramm sind Basic, Bronze, Silber, Gold, Platin und Diamant. Bitte beachten Sie die untenstehenden Details f\u00fcr das UploadGIG-Partnerprogramm.<\/p>\n\n\n\n<figure class=\"wp-block-table\"><table><tbody><tr><td>UploadGIG Affiliate-Konto-Typ<\/td><td>Gr\u00f6\u00dfe der Festplatte (in Terabyte)<\/td><td>Verfallsdatum der Datei (in Tagen)<\/td><td>Rate oder Prozentsatz des Pay-per-Sale (PPS) &amp; rebill<\/td><td>Wie lange dauert die Auszahlung? (in Tagen)<\/td><td>Upgrade der Affiliate-Kontoebene<\/td><\/tr><tr><td>Grundlegend<\/td><td>2 TB<\/td><td>15<\/td><td>50%<\/td><td>15<\/td><td>Ausgangsniveau<\/td><\/tr><tr><td>Bronze<\/td><td>4 TB<\/td><td>30<\/td><td>60%<\/td><td>12<\/td><td>Wenn die Verk\u00e4ufe 200 USD erreichen<\/td><\/tr><tr><td>Silber<\/td><td>8 TB<\/td><td>45<\/td><td>65%<\/td><td>10<\/td><td>Wenn die Verk\u00e4ufe 500 USD erreichen<\/td><\/tr><tr><td>Gold<\/td><td>20 TB<\/td><td>60<\/td><td>70%<\/td><td>7<\/td><td>Wenn der Umsatz 2.000 USD erreicht<\/td><\/tr><tr><td>Platin<\/td><td>50 TB<\/td><td>90<\/td><td>75%<\/td><td>5<\/td><td>Wenn der Umsatz 5.000 USD erreicht<\/td><\/tr><tr><td>Diamant<\/td><td>200 TB<\/td><td>120<\/td><td>80%<\/td><td>3<\/td><td>Wenn der Umsatz 20.000 USD erreicht<\/td><\/tr><\/tbody><\/table><\/figure>\n\n\n\n<p>Das Basic-Konto ist der Standard f\u00fcr alle neuen Benutzerkonten, die dann dem Partnerprogramm beitreten. Ein Affiliate-Benutzerkonto wird nur dann automatisch hochgestuft, wenn ein Benutzer die erforderliche Verkaufsmenge f\u00fcr die n\u00e4chste Stufe erreicht.<\/p>\n\n\n\n<h2>Erstattungspolitik<\/h2>\n\n\n\n<p>Sollte ein Benutzer die Dienstleistungen von UploadGIG einmal nicht zufriedenstellend finden, kann er die L\u00f6schung seines Kontos oder seiner Mitgliedschaft beantragen und eine R\u00fcckerstattung verlangen. UploadGIG garantiert all seinen Benutzern, dass sie ihr Geld zur\u00fcckerstattet bekommen, wenn sie mit den Dienstleistungen nicht zufrieden sind. Um die Funktionen und Dienstleistungen laufend zu verbessern, wird UploadGIG ihre Nutzer auch bitten, den Grund f\u00fcr die R\u00fcckerstattung anzugeben.<\/p>\n\n\n\n<p>F\u00fcr eine vollst\u00e4ndige R\u00fcckerstattung kann der Nutzer nur innerhalb der ersten drei (3) Tage der Nutzung des Premium-Accounts eine R\u00fcckerstattung beantragen. Au\u00dferdem darf der Nutzer nicht zwei (2) Dateien heruntergeladen haben, die insgesamt nicht mehr als ein Gigabyte (1 GB) gro\u00df sein d\u00fcrfen.<\/p>\n\n\n\n<p>Bei weiteren Bedenken bez\u00fcglich der Stornierung oder der R\u00fcckerstattung k\u00f6nnen Benutzer eine E-Mail an support@uploadgig.com oder info@uploadgig.com oder \u00fcber ihr Support-Ticket-Formular auf der Support-Seite der UploadGIG-Site senden.<\/p>\n\n\n\n<h2>Fazit<\/h2>\n\n\n\n<p>Es gibt heute eine Vielzahl von Datei-Hosting-Anbietern auf dem Markt, die den wachsenden Bedarf an Cloud-Storage abdecken. UploadGIG mag einer davon sein, aber mit dem UploadGIG Premium-Account kommen Sie auf jeden Fall auf Ihre Kosten. Zum einen k\u00f6nnen die Benutzer die gr\u00f6\u00dfte Download-Geschwindigkeit genie\u00dfen, unterst\u00fctzt durch die Paralleldownload-Funktion, die die Download-Geschwindigkeit beschleunigt, indem sie parallele Jobs f\u00fcr die Abwicklung des Downloads erstellen. Zum anderen profitieren die Benutzer von einem kostenlosen Direkt-Download, und sie k\u00f6nnen sich auch von Wartezeiten verabschieden und 100% anonym bleiben. UploadGIG stellt sicher, dass die Konten und Dateien des Kunden sicher aufbewahrt werden. All diese Vorteile eines Premium-Accounts sind zu einem sehr erschwinglichen Preis erh\u00e4ltlich.<\/p>\n\n\n\n<p>UploadGIG wird auch durch ein Wiederverk\u00e4uferprogramm unterst\u00fctzt, um mehr potentielle Nutzer zu erreichen, sowie durch Partnerprogramme, die den Nutzern helfen, w\u00e4hrend der Nutzung der Website Geld zu verdienen.<\/p>\n\n\n\n<p>Referenzen:<br><a rel=\"noreferrer noopener\" href=\"https:\/\/en.wikipedia.org\/wiki\/File_hosting_service#Uses\" target=\"_blank\">https:\/\/en.wikipedia.org\/wiki\/File_hosting_service#Uses<\/a><br><a rel=\"noreferrer noopener\" href=\"https:\/\/blog.stackpath.com\/glossary-content-caching\/\" target=\"_blank\">https:\/\/blog.stackpath.com\/glossary-content-caching\/<\/a><br><a rel=\"noreferrer noopener\" href=\"https:\/\/sea.pcmag.com\/storage\/8885\/the-best-cloud-storage-and-file-sharing-services-for-2019\" target=\"_blank\">https:\/\/sea.pcmag.com\/storage\/8885\/the-best-cloud-storage-and-file-sharing-services-for-2019<\/a><\/p>\n\n\n<a class=\"maxbutton-1 maxbutton maxbutton-cta\" target=\"_blank\" rel=\"nofollow noopener\" href=\"\/go\/\"><span class='mb-text'>&gt;&gt; Gehen Sie zur offiziellen Website Uploadgig.com<\/span><\/a>\n\n\n<p><\/p>\n","protected":false},"excerpt":{"rendered":"<p>Was ist ein File Hoster? Ein Filehoster ist ein Dienstanbieter, der Benutzerdateien unter Verwendung von Cloud-basierter Speicherung und des Internets<\/p>\n","protected":false},"author":3,"featured_media":0,"parent":0,"menu_order":0,"comment_status":"closed","ping_status":"closed","template":"","meta":[],"_links":{"self":[{"href":"https:\/\/www.uploadgig.xyz\/de\/wp-json\/wp\/v2\/pages\/150"}],"collection":[{"href":"https:\/\/www.uploadgig.xyz\/de\/wp-json\/wp\/v2\/pages"}],"about":[{"href":"https:\/\/www.uploadgig.xyz\/de\/wp-json\/wp\/v2\/types\/page"}],"author":[{"embeddable":true,"href":"https:\/\/www.uploadgig.xyz\/de\/wp-json\/wp\/v2\/users\/3"}],"replies":[{"embeddable":true,"href":"https:\/\/www.uploadgig.xyz\/de\/wp-json\/wp\/v2\/comments?post=150"}],"version-history":[{"count":4,"href":"https:\/\/www.uploadgig.xyz\/de\/wp-json\/wp\/v2\/pages\/150\/revisions"}],"predecessor-version":[{"id":186,"href":"https:\/\/www.uploadgig.xyz\/de\/wp-json\/wp\/v2\/pages\/150\/revisions\/186"}],"wp:attachment":[{"href":"https:\/\/www.uploadgig.xyz\/de\/wp-json\/wp\/v2\/media?parent=150"}],"curies":[{"name":"wp","href":"https:\/\/api.w.org\/{rel}","templated":true}]}}