{"id":144,"date":"2020-06-11T10:14:46","date_gmt":"2020-06-11T10:14:46","guid":{"rendered":"https:\/\/www.uploadgig.xyz\/?page_id=144"},"modified":"2020-07-27T11:26:38","modified_gmt":"2020-07-27T11:26:38","slug":"uploadgig-premium-account-the-best-valued-file-hosting-site","status":"publish","type":"page","link":"https:\/\/www.uploadgig.xyz\/es\/","title":{"rendered":"UploadGIG Cuenta Premium &#8211; El sitio de alojamiento de archivos m\u00e1s valorado"},"content":{"rendered":"<a class=\"maxbutton-1 maxbutton maxbutton-cta\" target=\"_blank\" rel=\"nofollow noopener\" href=\"\/go\/\"><span class='mb-text'>&gt;&gt; Ir a la p\u00e1gina web oficial de Uploadgig.com<\/span><\/a>\n\n\n<p><\/p>\n\n\n\n<h2>\u00bfQu\u00e9 es un archivador?<\/h2>\n\n\n\n<p>Un \u00abfile hoster\u00bb es un proveedor de servicios que aloja archivos de usuarios utilizando el almacenamiento basado en la nube e Internet. Est\u00e1 especialmente dise\u00f1ado para recibir, almacenar y transmitir archivos de usuario. Permite a los usuarios subir archivos a los que se puede acceder en m\u00faltiples dispositivos con el uso de Internet despu\u00e9s de que se proporcione un nombre de usuario y una contrase\u00f1a.<\/p>\n\n\n\n<p>Para obtener m\u00e1s informaci\u00f3n, haga clic aqu\u00ed: <strong><a href=\"https:\/\/www.uploadgig.info\/es\" target=\"_blank\" aria-label=\"undefined (opens in a new tab)\" rel=\"noreferrer noopener\">Uploadgig<\/a><\/strong><\/p>\n\n\n\n<p>Este servicio ofrece un acceso impecable a todo lo que el usuario subi\u00f3 desde donde quiera que est\u00e9, ya sean documentos personales importantes o archivos de trabajo. A trav\u00e9s del uso de anfitriones de archivos, los usuarios no est\u00e1n obligados por sus computadoras de trabajo a acceder a sus archivos. Pueden trabajar en sus archivos mientras viajan en un autob\u00fas, mientras est\u00e1n en el sof\u00e1, e incluso en sus respectivas habitaciones de hotel, lo \u00fanico que se requiere es una conexi\u00f3n estable a Internet. El uso de un hoster de archivos implica no tener que enviarse a s\u00ed mismo correos electr\u00f3nicos con un documento adjunto o utilizar unidades USB.<\/p>\n\n\n\n<h2>\u00bfQu\u00e9 es UploadGIG?<\/h2>\n\n\n\n<figure class=\"wp-block-image\"><img src=\"https:\/\/lh4.googleusercontent.com\/bw8FEg3nowbVe1p5nc_fJZpa6hc9SS5dq36GrCRFl3bEXHJ3iX8rQlq3BhhtUuQQdbFKJz2Lx5P-qRmZuZTxiVJaZOKBSLjPl0PUH4UzGXxkOe0S98HU6OGClK3nVviY2QDiDCGW\" alt=\"UploadGIG logo\" title=\"UploadGIG logo\"\/><\/figure>\n\n\n\n<p>UploadGIG es un host de servicios de archivos donde los usuarios pueden almacenar archivos importantes y acceder a esos archivos r\u00e1pidamente o cuando lo necesiten. Los usuarios pueden subir y bajar documentos y medios de comunicaci\u00f3n de manera confiable en el sitio, y beneficiarse de su proveedor de almacenamiento seguro en la nube. El sitio es muy f\u00e1cil de usar y es altamente seguro. Se enorgullece de ofrecer un nivel de seguridad del 100% tanto para los archivos como para los usuarios. Por lo tanto, es ideal para uso personal, individual y profesional.<\/p>\n\n\n\n<p>Adem\u00e1s, su dise\u00f1o profesional hace que registrarse sea muy f\u00e1cil. Un usuario tiene que proporcionar un correo electr\u00f3nico verificado o enlazarlo a su cuenta de medios sociales. Despu\u00e9s de una creaci\u00f3n de cuenta exitosa, UploadGIG puede ser usado inmediatamente. A los usuarios se les ofrecen diferentes paquetes para seleccionar. El paquete regular es absolutamente gratis, sin embargo, hay cuentas premium ofrecidas con caracter\u00edsticas adicionales que pueden satisfacer con precisi\u00f3n las necesidades de los clientes.<\/p>\n\n\n\n<h3>\u00bfQu\u00e9 es \u00abNube\u00bb?<\/h3>\n\n\n\n<p>La nube se refiere al almacenamiento de datos que no es gestionado directamente por el usuario. Pertenece a los centros de datos en los que se pueden almacenar y acceder a documentos, medios y otros archivos a trav\u00e9s de Internet, independientemente del dispositivo utilizado y de la ubicaci\u00f3n del usuario. Esto es posible gracias a los servidores de los proveedores externos y a Internet.<\/p>\n\n\n\n<p>Para decirlo simplemente, los archivos almacenados en la nube o en servidores externos son accesibles en cualquier lugar, en cualquier momento y en cualquier dispositivo siempre que el usuario tenga una conexi\u00f3n a Internet.<\/p>\n\n\n\n<h3>\u00bfPor qu\u00e9 usar UploadGIG?<\/h3>\n\n\n\n<p>Al elegir un hoster de archivos, los usuarios deben depender de:<\/p>\n\n\n\n<ol><li>Los tipos de archivos que quieren almacenar, ya sean documentos, hojas de c\u00e1lculo, software, medios de comunicaci\u00f3n, fotos, v\u00eddeos o pel\u00edculas;<\/li><li>Cu\u00e1nta seguridad necesitan o cu\u00e1n seguro es el sitio de alojamiento de archivos para mantener seguros tanto los archivos como la cuenta de usuario;<\/li><li>Si tienen como objetivo cooperar o compartir archivos con otros consumidores. En el caso de uso profesional, el nivel de necesidad de compartir archivos entre colegas y compa\u00f1eros de equipo;<\/li><li>Los dispositivos utilizados para editar, organizar y acceder a los archivos; y<\/li><li>La intensidad de la comodidad con la facilidad de uso del sitio, ya que otra asistencia es muy complaciente, mientras que algunas ofertas avanzan en la personalizaci\u00f3n para tecn\u00f3filos m\u00e1s h\u00e1biles.<\/li><\/ol>\n\n\n\n<p>Para empezar, UploadGIG es una forma de almacenar y compartir archivos en l\u00ednea. Para ilustrarlo mejor, funciona como un proveedor de almacenamiento en la nube al que el usuario puede almacenar archivos, documentos y medios esenciales de forma gratuita. Tambi\u00e9n es ideal para almacenar datos personales para una variedad de computadoras, y ya no tendr\u00edas que preocuparte por llevar una memoria USB contigo.<\/p>\n\n\n\n<p>En segundo lugar, puede ser utilizado como una copia de seguridad para los archivos y medios de comunicaci\u00f3n. Es necesario mantener copias de seguridad de los archivos importantes porque nunca sabremos lo que puede pasar. Con UploadGIG, los usuarios son capaces de crear copias de seguridad f\u00e1cilmente y de descargar los archivos justo cuando lo necesitan. Creando y manteniendo copias de seguridad de los archivos.<\/p>\n\n\n\n<p>En tercer lugar, se admite compartir los archivos de los usuarios con el resto del mundo. Compartir fotos y videos con los familiares se ha hecho f\u00e1cil. Profesionalmente, los archivos de trabajo, documentos y medios de comunicaci\u00f3n tambi\u00e9n pueden ser compartidos con compa\u00f1eros de trabajo y de equipo. No es de extra\u00f1ar que muchos empresarios y profesionales encuentren muy \u00fatiles los proveedores de almacenamiento en l\u00ednea, ya que est\u00e1n f\u00e1cilmente disponibles y son muy \u00fatiles. Tambi\u00e9n es ideal para quienes desean compartir archivos demasiado grandes para enviarlos por correo electr\u00f3nico.<\/p>\n\n\n\n<p>En cuarto lugar, UploadGIG tambi\u00e9n funciona para aquellos que necesitan capacidad de almacenamiento remoto seguro para copias de seguridad fuera del sitio.<\/p>\n\n\n\n<h2>\u00bfQu\u00e9 archivos pueden subir los usuarios?<\/h2>\n\n\n\n<p>Los usuarios pueden subir cualquier documento y medios que consideren importantes, o aquellos que necesiten acceder y compartir f\u00e1cilmente. Pueden subir casi cualquier tipo de archivo. Sin embargo, deben conocer algunas limitaciones y restricciones en vigor. Como cualquier otro proveedor de servicios en la nube, los usuarios no pueden subir ninguno de estos:<\/p>\n\n\n\n<ul><li>Archivos relacionados con la pornograf\u00eda, im\u00e1genes sexuales;<\/li><li>Archivos relacionados con cualquier tipo de material ofensivo, de acoso o violento; y<\/li><li>Archivos y materiales con derechos de autor.<\/li><\/ul>\n\n\n\n<p>Para garantizar que no se violen las normas y reglamentos de los sitios, aseg\u00farese de leer y revisar sus T\u00e9rminos de Servicio. Adem\u00e1s de las restricciones mencionadas, los usuarios pueden usar el sitio web de la manera que deseen.<\/p>\n\n\n\n<h3>\u00bfC\u00f3mo puede un usuario subir archivos?<\/h3>\n\n\n\n<p>El usuario tiene tres opciones para subir sus archivos. La primera es a trav\u00e9s de la funci\u00f3n de Subir a la Web. Un usuario puede subir un archivo usando cualquier navegador web de cualquier dispositivo con una conexi\u00f3n a Internet. La segunda es a trav\u00e9s de la funci\u00f3n de Subida Remota. Con ella, un usuario puede subir un archivo de forma remota utilizando el enlace espec\u00edfico de un archivo. Por \u00faltimo, un usuario puede subir un archivo utilizando el Protocolo de Transferencia de Archivos o la funci\u00f3n de Subida por FTP. Utiliza un dispositivo que tambi\u00e9n admite la aplicaci\u00f3n de un cliente FTP.<\/p>\n\n\n\n<h3>\u00bfPueden los usuarios compartir archivos?<\/h3>\n\n\n\n<p>Otra caracter\u00edstica apoyada por UploadGIG es que los usuarios son libres de compartir sus archivos subidos a cualquiera que necesiten o quieran. Los archivos subidos en UploadGIG tambi\u00e9n generan un enlace de descarga. Los usuarios s\u00f3lo tienen que proporcionar el enlace de descarga a la persona\/s respectiva\/s con la\/s que quieren compartir su archivo subido.<\/p>\n\n\n\n<h3>\u00bfPueden los usuarios eliminar archivos?<\/h3>\n\n\n\n<p>\u00a1S\u00ed! UploadGIG tiene una funci\u00f3n para borrar un archivo o archivos que los usuarios consideran que no tienen uso. El usuario tiene la opci\u00f3n de borrar los archivos antes de la fecha de caducidad. UploadGIG le dar\u00e1 al usuario un enlace para el archivo espec\u00edfico a ser eliminado. El usuario s\u00f3lo tiene que hacer clic en el enlace proporcionado y el archivo ser\u00e1 eliminado autom\u00e1ticamente por el sistema. Adem\u00e1s, si alguna vez el usuario pierde el enlace de eliminaci\u00f3n, los archivos se eliminar\u00e1n autom\u00e1ticamente en la fecha de caducidad. Si hay una necesidad urgente de eliminar archivos, los usuarios tambi\u00e9n pueden contactar con el equipo de apoyo de UploadGIG.<\/p>\n\n\n\n<h3>\u00bfLos archivos son seguros?<\/h3>\n\n\n\n<p>\u00a1S\u00ed! UploadGIG requiere que los usuarios creen una cuenta protegida por contrase\u00f1a en la que puedan subir archivos para su almacenamiento y descarga cuando sea necesario. Como procedimiento est\u00e1ndar, los dem\u00e1s usuarios no pueden ni podr\u00e1n acceder a los archivos de otros usuarios. Por eso no permite a los usuarios buscar las subidas hechas por otros y se considera ilegal. Mientras que el subidor puede encontrar sin esfuerzo sus archivos a medida que van subiendo. Para cuentas y archivos m\u00e1s organizados, los usuarios tambi\u00e9n pueden clasificarlos en consecuencia.<\/p>\n\n\n\n<p>Los usuarios no tienen que preocuparse de que otros descarguen esos archivos, porque no podr\u00e1n hacerlo a menos que tengan el enlace de descarga. Tambi\u00e9n se observa que UploadGIG da un gran valor a la privacidad de los usuarios.<\/p>\n\n\n\n<h2>\u00bfC\u00f3mo se crea una cuenta UploadGIG?<\/h2>\n\n\n\n<p>Para crear y subir la cuenta de GIG. Llene el formulario provisto con un correo electr\u00f3nico v\u00e1lido y una contrase\u00f1a segura. Adem\u00e1s, haga clic en el CAPTCHA, esto es para asegurarse de que el que crea una cuenta es un humano. En cuanto a la introducci\u00f3n de datos, el CAPTCHA est\u00e1 pensado para reconocer a los humanos de las m\u00e1quinas, es un programa utilizado como medio para detener el spam y la captura autom\u00e1tica de datos del sitio. Despu\u00e9s de crear una cuenta, se le pedir\u00e1 a los usuarios que confirmen su correo electr\u00f3nico para completar el proceso de creaci\u00f3n de la cuenta.<\/p>\n\n\n\n<p>Otra forma de crear una cuenta es conectarla a una cuenta de medios sociales existente o a plataformas de correo electr\u00f3nico existentes. Los usuarios podr\u00e1n usar su servicio de alojamiento de archivos inmediatamente despu\u00e9s de crear una cuenta. Para ser m\u00e1s espec\u00edficos, las cuentas de medios sociales como Facebook, o Twitter, y las plataformas de correo electr\u00f3nico existentes como Yahoo, o Google.<\/p>\n\n\n\n<p>UploadGIG ofrece tanto cuentas gratuitas como premium, con caracter\u00edsticas adicionales que pueden satisfacer las diversas necesidades de los usuarios. Al registrarse, las cuentas de usuario son gratuitas. Sin embargo, se les da una opci\u00f3n de actualizaci\u00f3n a una cuenta premium, ofreciendo diferentes paquetes premium.<\/p>\n\n\n\n<h3>Comparaci\u00f3n entre la cuenta gratuita y la cuenta UploadGIG Premium<\/h3>\n\n\n\n<figure class=\"wp-block-table\"><table><tbody><tr><td>Caracter\u00edsticas de UploadGIG<\/td><td>Cuenta gratuita<\/td><td>Cuenta Premium<\/td><\/tr><tr><td>Velocidad de descarga<\/td><td>Cincuenta kilobytes por segundo (50 KB\/s)<\/td><td>No est\u00e1 limitado<\/td><\/tr><tr><td>Tiempo de descarga<\/td><td>Entre sesenta (60) segundos a diez (10) minutos y catorce (14) segundos<\/td><td>De cero (0) a tres (3) segundos<\/td><\/tr><tr><td>Costo<\/td><td>Completamente libre<\/td><td>Depende de la compra del paquete Premium de UploadGIG<\/td><\/tr><tr><td>N\u00famero de archivos que pueden ser descargados<\/td><td>S\u00f3lo un (1) archivo puede por hora<\/td><td>No hay l\u00edmites en la descarga de un archivo<\/td><\/tr><tr><td>Con anuncios<\/td><td>S\u00ed<\/td><td>No<\/td><\/tr><tr><td>Apoya la reanudaci\u00f3n de la descarga<\/td><td>No<\/td><td>S\u00ed<\/td><\/tr><tr><td>Con el tiempo de espera antes del inicio de una descarga<\/td><td>S\u00ed<\/td><td>No<\/td><\/tr><\/tbody><\/table><\/figure>\n\n\n\n<h3>\u00bfPor qu\u00e9 elegir UploadGIG Premium?<\/h3>\n\n\n\n<p>La cuenta Premium de UploadGIG ofrece un sitio sin publicidad, sin retrasos en las descargas, sin l\u00edmites ni restricciones en la descarga de un archivo, sin caducidad de los archivos y con una carga y descarga m\u00e1s r\u00e1pida. Por lo tanto, considere la posibilidad de actualizar su cuenta gratuita de UploadGIG a la cuenta UploadGIG Premium.<\/p>\n\n\n\n<p>Tener una cuenta Premium de UploadGIG proporciona muchos beneficios a sus usuarios que la cuenta gratuita de UploadGIG. Esto se debe a que la cuenta Premium tiene una mayor velocidad de descarga en comparaci\u00f3n con la cuenta gratuita con una velocidad de cincuenta kilobytes por segundo (50 KB\/s). Esa es una gran diferencia con las cuentas gratuitas y premium en t\u00e9rminos de velocidad. El cambio a una Cuenta Premium de UploadGIG ofrece a los usuarios cero demoras al descargar o subir un archivo y no proporciona ning\u00fan l\u00edmite ni restricciones en el n\u00famero de archivos a descargar, los usuarios pueden descargar tantos archivos como quieran. Otra ventaja, con la cuenta Premium de UploadGIG, los usuarios no tendr\u00edan que lidiar con anuncios molestos en el sitio.<\/p>\n\n\n\n<h3>\u00bfCu\u00e1les son las tarifas de UploadGIG Premium?<\/h3>\n\n\n\n<figure class=\"wp-block-image\"><img src=\"https:\/\/lh5.googleusercontent.com\/AR_ygX7F-lMc-cc_1o-pvzH66SgtyHwUnWtEqOTnJ2JZ678lutACx7aTJrJNCW6zdDm37w2w1VcfN1XdfDZEF4mdoC-Am9PJCosOM8_iRWukyrqg_PzkQXTk16HJcwe_Zl-kyr7q\" alt=\"UploadGIG Premium Rates + Mode of Payment\" title=\"UploadGIG Premium Rates + Mode of Payment\"\/><\/figure>\n\n\n<a class=\"maxbutton-1 maxbutton maxbutton-cta\" target=\"_blank\" rel=\"nofollow noopener\" href=\"\/go\/\"><span class='mb-text'>&gt;&gt; Ir a la p\u00e1gina web oficial de Uploadgig.com<\/span><\/a>\n\n\n<p><\/p>\n\n\n\n<p>Con una cuenta premium, los usuarios pueden disfrutar de la m\u00e1xima velocidad de descarga, tambi\u00e9n podr\u00e1n hacer uso de una caracter\u00edstica llamada descarga paralela que acelera la velocidad de descarga creando trabajos paralelos para manejar la descarga, las cuentas premium tambi\u00e9n cuentan con un anuncio directo de descarga gratuita, y los usuarios tambi\u00e9n pueden despedirse del tiempo de espera, y ser 100% an\u00f3nimos. Adem\u00e1s, esos beneficios de una cuenta premium vienen a un precio muy asequible. Por s\u00f3lo 12 d\u00f3lares, los usuarios pueden disfrutar de estas caracter\u00edsticas durante 30 d\u00edas y 25 d\u00f3lares es bueno para 90 d\u00edas. Las cuentas premium de 90 d\u00edas son las m\u00e1s populares entre los clientes, mientras que la cuenta de 365 d\u00edas por $86 es la mejor oferta del sitio.<\/p>\n\n\n\n<h3>\u00bfCu\u00e1les son las opciones de pago disponibles?<\/h3>\n\n\n\n<p>Para ofrecer a los usuarios una forma f\u00e1cil y conveniente de adquirir productos y servicios, UploadGIG soporta varias opciones de pago. Vea a continuaci\u00f3n las siguientes opciones de pago soportadas por UploadGIG.<\/p>\n\n\n\n<figure class=\"wp-block-table\"><table><tbody><tr><td>Visa o MasterCard<\/td><td>PayPal o Bitcoin o Altcoin<\/td><td>Cr\u00e9ditos de cereza<\/td><td>Trustpay<\/td><\/tr><tr><td>Alipay<\/td><td>Yandex Money<\/td><td>Neosurf<\/td><td>Boleto<\/td><\/tr><tr><td>DineroMail<\/td><td>Banamex<\/td><td>Poli<\/td><td>Y muchos m\u00e1s<\/td><\/tr><\/tbody><\/table><\/figure>\n\n\n\n<p>Despu\u00e9s del pago exitoso del Paquete de Cuenta Premium de UploadGIG, los usuarios recibir\u00e1n un mensaje con el Paquete de Cuenta Premium a su direcci\u00f3n de correo electr\u00f3nico verificada en s\u00f3lo veinticuatro (24) horas. UploadGIG no cobra a los clientes de forma recurrente, ellos prometieron que no cobrar\u00e1n a las tarjetas de cr\u00e9dito del cliente, cuentas de PayPal, cuentas bancarias, u otras cuentas de pago al vencimiento de su cuenta premium de UploadGIG, no a menos que decidan volver a comprar.<\/p>\n\n\n\n<h2>Otras caracter\u00edsticas soportadas en UploadGIG.<\/h2>\n\n\n\n<h3>Revendedores de UploadGIG<\/h3>\n\n\n\n<p>UploadGig tiene varios distribuidores de diferentes pa\u00edses en todo el mundo. La gente puede comprar los productos y servicios de UploadGig directamente y a trav\u00e9s de la ayuda de los revendedores. Si alguna vez un usuario no puede comprar a trav\u00e9s de pagos en l\u00ednea, entonces puede comprar a los revendedores oficiales aprobados de UploadGIG que se mencionan en el cuadro siguiente. Los usuarios tambi\u00e9n pueden ir a la p\u00e1gina de revendedores de UploadGIG del sitio.<\/p>\n\n\n\n<p>Sitios donde un usuario puede hacer uso del Paquete UploadGIG Premium y la Clave de Activaci\u00f3n de la Cuenta UploadGIG Premium:<\/p>\n\n\n\n<figure class=\"wp-block-table\"><table><tbody><tr><td>Un casillero seguro.<\/td><td>Key Instant<\/td><td>Premium<\/td><\/tr><tr><td>Llave Premium<\/td><td>Comprar Clave Premium<\/td><td>365 premium<\/td><\/tr><tr><td>Revendedor de Alipay<\/td><td>Bono Premium<\/td><td>Taobao (China)<\/td><\/tr><tr><td>Revendedor de un solo clic<\/td><td>Premium KeyStore<\/td><td>Subastas Yahoo! (Jap\u00f3n)<\/td><\/tr><\/tbody><\/table><\/figure>\n\n\n\n<p>UploadGIG aconseja a todos que no compren productos y servicios de ning\u00fan grupo u organizaci\u00f3n que no est\u00e9 incluido en la lista autorizada de revendedores.<\/p>\n\n\n\n<h4>\u00bfC\u00f3mo ser un revendedor de UploadGIG?<\/h4>\n\n\n\n<p>Para ser uno de los revendedores de UploadGIG en su pa\u00eds, los usuarios deben llenar un formulario solicitando ser un revendedor de UploadGIG. El usuario debe llenar la siguiente informaci\u00f3n requerida para el boleto:<\/p>\n\n\n\n<ol><li>El asunto del mensaje;<\/li><li>La direcci\u00f3n de correo electr\u00f3nico del usuario;<\/li><li>El contenido del mensaje; y<\/li><li>El CAPTCHA correcto<\/li><\/ol>\n\n\n\n<p>Despu\u00e9s de llenar los campos para el boleto, haga clic en el bot\u00f3n \u00abEnviar\u00bb para enviar una solicitud al UploadGIG.<\/p>\n\n\n\n<h3>El programa de afiliados de UploadGIG<\/h3>\n\n\n\n<p>UploadGIG ofrece a sus usuarios una forma de ganar dinero mientras usan el sitio, esto es a trav\u00e9s del<a rel=\"noreferrer noopener\" href=\"http:\/\/uploadgig.com\/affiliate\" target=\"_blank\"> Programa de Afiliados<\/a>. Como afiliado, los usuarios pueden disfrutar de generosas comisiones con los anuncios y p\u00e1ginas de destino de mayor rendimiento que tengan. Lo mejor de todo es que los planes de suscripci\u00f3n son altamente competitivos.<\/p>\n\n\n\n<h4>\u00bfC\u00f3mo empezar y ganar en el Programa de Afiliados?<\/h4>\n\n\n\n<p>Al igual que en otros programas de afiliados, los usuarios deben registrarse primero. Una vez aprobado como el \u00faltimo afiliado, los usuarios deber\u00e1n registrar la URL emitida que ser\u00e1 usada para dirigir a los invitados. Despu\u00e9s de que el URL del afiliado haya sido registrado y confirmado, los usuarios podr\u00edan elegir los enlaces de palabras o carteles que utilizar\u00e1n para su sitio.<\/p>\n\n\n\n<p>Estos banners y enlaces de texto se utilizan entonces para generar ventas. Este enlace URL puede ser aplicado a las referencias de la cuenta. El objetivo es que el referido asegure una compra usando el enlace URL y que a su vez, el usuario reciba una comisi\u00f3n.<\/p>\n\n\n\n<h4>\u00bfCu\u00e1les son los tipos de cuenta para el Programa de afiliados?<\/h4>\n\n\n\n<p>Como ya se ha mencionado, un usuario tambi\u00e9n puede ganar dinero con sus referencias, pero es seg\u00fan el tipo de cuenta en la que se encuentre. Los tipos de cuenta de UploadGIG para el Programa de Afiliados son B\u00e1sica, Bronce, Plata, Oro, Platino y Diamante. Por favor, vea los siguientes detalles para el Programa de Afiliados de UploadGIG.<\/p>\n\n\n\n<figure class=\"wp-block-table\"><table><tbody><tr><td>UploadGIG Tipo de cuenta de afiliado<\/td><td>Tama\u00f1o del disco (en Terabytes)<\/td><td>Fecha de caducidad del expediente (en d\u00edas)<\/td><td>Tasa o Porcentaje de Pago por Venta (PPS) y recarga<\/td><td>\u00bfCu\u00e1nto tiempo dura el pago? (en d\u00edas)<\/td><td>Actualizar el nivel de la cuenta de afiliado<\/td><\/tr><tr><td>B\u00e1sico<\/td><td>2 TB<\/td><td>15<\/td><td>50%<\/td><td>15<\/td><td>Nivel de inicio<\/td><\/tr><tr><td>Bronce<\/td><td>4 TB<\/td><td>30<\/td><td>60%<\/td><td>12<\/td><td>Cuando las ventas alcanzan los 200 USD<\/td><\/tr><tr><td>Plata<\/td><td>8 TB<\/td><td>45<\/td><td>65%<\/td><td>10<\/td><td>Cuando las ventas alcanzan los 500 USD<\/td><\/tr><tr><td>Oro<\/td><td>20 TB<\/td><td>60<\/td><td>70%<\/td><td>7<\/td><td>Cuando las ventas alcanzan los 2.000 d\u00f3lares<\/td><\/tr><tr><td>Platino<\/td><td>50 TB<\/td><td>90<\/td><td>75%<\/td><td>5<\/td><td>Cuando las ventas alcanzan los 5.000 d\u00f3lares<\/td><\/tr><tr><td>Diamante<\/td><td>200 TB<\/td><td>120<\/td><td>80%<\/td><td>3<\/td><td>Cuando las ventas alcanzan los 20.000 d\u00f3lares<\/td><\/tr><\/tbody><\/table><\/figure>\n\n\n\n<p>La cuenta b\u00e1sica ser\u00e1 la predeterminada para todas las nuevas cuentas de usuario que luego se unan al Programa de Afiliados, una cuenta de usuario de Afiliados s\u00f3lo se actualiza autom\u00e1ticamente cuando un usuario alcanza el monto de ventas requerido para el siguiente nivel.<\/p>\n\n\n\n<h2>Pol\u00edtica de reembolso y devoluci\u00f3n<\/h2>\n\n\n\n<p>Si alguna vez un usuario encuentra los servicios de UploadGIG insatisfactorios, puede solicitar la cancelaci\u00f3n de su cuenta o membres\u00eda y pedir un reembolso. UploadGIG garantiza a todos sus usuarios que devolver\u00e1n su dinero si no est\u00e1n satisfechos con los servicios. Para mejorar continuamente sus caracter\u00edsticas y servicios, UploadGIG tambi\u00e9n pedir\u00e1 a sus usuarios que les den la raz\u00f3n del reembolso.<\/p>\n\n\n\n<p>Para un reembolso completo, el usuario s\u00f3lo puede solicitarlo dentro de los tres (3) primeros d\u00edas de uso de la cuenta premium. Adem\u00e1s, el usuario no debe haber descargado dos (2) archivos que no deben superar un total de un gigabyte (1 GB).<\/p>\n\n\n\n<p>Para cualquier duda sobre la cancelaci\u00f3n o el reembolso, los usuarios pueden enviar un correo electr\u00f3nico a support@uploadgig.com o info@uploadgig.com o a trav\u00e9s del formulario de ticket de soporte que se encuentra en la p\u00e1gina de soporte del sitio UploadGIG.<\/p>\n\n\n\n<h2>Conclusi\u00f3n<\/h2>\n\n\n\n<p>Hoy en d\u00eda hay muchos proveedores de alojamiento de archivos en el mercado que atienden la creciente necesidad de almacenamiento en la nube. UploadGIG puede ser uno de ellos, pero la cuenta Premium de UploadGIG te dar\u00e1 el valor de tu dinero. Por un lado, los usuarios pueden disfrutar de la mayor velocidad de descarga ayudados por la funci\u00f3n de descarga paralela que acelera las velocidades de descarga creando trabajos paralelos para manejar la descarga, los usuarios tambi\u00e9n se benefician de una descarga directa y gratuita, y tambi\u00e9n pueden decir adi\u00f3s al tiempo de espera y ser 100% an\u00f3nimos. UploadGIG se asegura de que las cuentas y archivos del cliente se mantengan seguros. Todos esos beneficios de una cuenta premium vienen a un precio muy asequible.<\/p>\n\n\n\n<p>UploadGIG tambi\u00e9n cuenta con el apoyo de un programa de revendedores para atender y llegar a m\u00e1s usuarios potenciales y programas de afiliados para ayudar a los usuarios a ganar mientras usan el sitio.<\/p>\n\n\n\n<p>Referencias:<br><a rel=\"noreferrer noopener\" href=\"https:\/\/en.wikipedia.org\/wiki\/File_hosting_service#Uses\" target=\"_blank\">https:\/\/en.wikipedia.org\/wiki\/File_hosting_service#Uses<\/a><br><a rel=\"noreferrer noopener\" href=\"https:\/\/blog.stackpath.com\/glossary-content-caching\/\" target=\"_blank\">https:\/\/blog.stackpath.com\/glossary-content-caching\/<\/a><br><a rel=\"noreferrer noopener\" href=\"https:\/\/sea.pcmag.com\/storage\/8885\/the-best-cloud-storage-and-file-sharing-services-for-2019\" target=\"_blank\">https:\/\/sea.pcmag.com\/storage\/8885\/the-best-cloud-storage-and-file-sharing-services-for-2019<\/a><\/p>\n\n\n<a class=\"maxbutton-1 maxbutton maxbutton-cta\" target=\"_blank\" rel=\"nofollow noopener\" href=\"\/go\/\"><span class='mb-text'>&gt;&gt; Ir a la p\u00e1gina web oficial de Uploadgig.com<\/span><\/a>\n\n\n<p><\/p>\n","protected":false},"excerpt":{"rendered":"<p>\u00bfQu\u00e9 es un archivador? Un \u00abfile hoster\u00bb es un proveedor de servicios que aloja archivos de usuarios utilizando el almacenamiento<\/p>\n","protected":false},"author":3,"featured_media":0,"parent":0,"menu_order":0,"comment_status":"closed","ping_status":"closed","template":"","meta":[],"_links":{"self":[{"href":"https:\/\/www.uploadgig.xyz\/es\/wp-json\/wp\/v2\/pages\/144"}],"collection":[{"href":"https:\/\/www.uploadgig.xyz\/es\/wp-json\/wp\/v2\/pages"}],"about":[{"href":"https:\/\/www.uploadgig.xyz\/es\/wp-json\/wp\/v2\/types\/page"}],"author":[{"embeddable":true,"href":"https:\/\/www.uploadgig.xyz\/es\/wp-json\/wp\/v2\/users\/3"}],"replies":[{"embeddable":true,"href":"https:\/\/www.uploadgig.xyz\/es\/wp-json\/wp\/v2\/comments?post=144"}],"version-history":[{"count":3,"href":"https:\/\/www.uploadgig.xyz\/es\/wp-json\/wp\/v2\/pages\/144\/revisions"}],"predecessor-version":[{"id":192,"href":"https:\/\/www.uploadgig.xyz\/es\/wp-json\/wp\/v2\/pages\/144\/revisions\/192"}],"wp:attachment":[{"href":"https:\/\/www.uploadgig.xyz\/es\/wp-json\/wp\/v2\/media?parent=144"}],"curies":[{"name":"wp","href":"https:\/\/api.w.org\/{rel}","templated":true}]}}