{"id":148,"date":"2020-05-29T16:21:35","date_gmt":"2020-05-29T16:21:35","guid":{"rendered":"https:\/\/www.uploadgig.xyz\/?page_id=148"},"modified":"2020-07-27T11:24:04","modified_gmt":"2020-07-27T11:24:04","slug":"uploadgig-premium-account-the-best-valued-file-hosting-site","status":"publish","type":"page","link":"https:\/\/www.uploadgig.xyz\/it\/","title":{"rendered":"UploadGIG Premium Account &#8211; Il miglior sito di hosting di file di valore"},"content":{"rendered":"<a class=\"maxbutton-1 maxbutton maxbutton-cta\" target=\"_blank\" rel=\"nofollow noopener\" href=\"\/go\/\"><span class='mb-text'>&gt;&gt; Vai al sito ufficiale di Uploadgig.com<\/span><\/a>\n\n\n<p><\/p>\n\n\n\n<h2>Cos&#8217;\u00e8 un File Hoster?<\/h2>\n\n\n\n<p>Un file hoster \u00e8 un fornitore di servizi che ospita i file degli utenti utilizzando lo storage basato su cloud e Internet. \u00c8 progettato in particolare per ricevere, archiviare e trasmettere i file degli utenti. Consente agli utenti di caricare file che potrebbero essere accessibili su pi\u00f9 dispositivi con l&#8217;uso di Internet dopo che sono stati forniti un nome utente e una password.<\/p>\n\n\n\n<p>Per saperne di pi\u00f9, clicca qui: <strong><a href=\"https:\/\/www.uploadgig.info\/it\" target=\"_blank\" aria-label=\"undefined (opens in a new tab)\" rel=\"noreferrer noopener\">Uploadgig<\/a><\/strong><\/p>\n\n\n\n<p>Questo servizio consente di accedere senza problemi a tutto ci\u00f2 che l&#8217;utente ha caricato da qualsiasi luogo si trovi, che si tratti di documenti personali importanti o di file di lavoro. Attraverso l&#8217;uso di file hoster, gli utenti non sono vincolati dai loro computer di lavoro ad accedere ai loro file. Possono lavorare sui loro file mentre viaggiano su un autobus, mentre sono sul divano, e anche nelle loro rispettive camere d&#8217;albergo, l&#8217;unica cosa richiesta \u00e8 una connessione stabile a internet. L&#8217;utilizzo di un file hoster non richiede l&#8217;invio di e-mail a se stessi con un documento allegato o l&#8217;utilizzo di unit\u00e0 USB.<\/p>\n\n\n\n<h2>Che cos&#8217;\u00e8 UploadGIG?<\/h2>\n\n\n\n<figure class=\"wp-block-image\"><img src=\"https:\/\/lh4.googleusercontent.com\/bw8FEg3nowbVe1p5nc_fJZpa6hc9SS5dq36GrCRFl3bEXHJ3iX8rQlq3BhhtUuQQdbFKJz2Lx5P-qRmZuZTxiVJaZOKBSLjPl0PUH4UzGXxkOe0S98HU6OGClK3nVviY2QDiDCGW\" alt=\"UploadGIG logo\" title=\"UploadGIG logo\"\/><\/figure>\n\n\n\n<p>UploadGIG \u00e8 un host di servizio file dove gli utenti possono memorizzare i file importanti e accedere a quei file prontamente o ogni volta che ne hanno bisogno. Gli utenti possono caricare e scaricare in modo affidabile documenti e media sul sito e beneficiare del suo fornitore di cloud storage sicuro. Il sito \u00e8 molto facile da usare ed \u00e8 altamente sicuro. \u00c8 orgoglioso di fornire un livello di sicurezza del 100% sia per i file che per gli utenti. Pertanto, \u00e8 ideale per uso personale, individuale e professionale.<\/p>\n\n\n\n<p>Inoltre, il suo design professionale rende l&#8217;iscrizione molto facile. Un utente deve fornire un&#8217;e-mail verificata o collegarla al proprio account di social media. Dopo la creazione di un account di successo, UploadGIG pu\u00f2 essere utilizzato immediatamente. Agli utenti vengono offerti diversi pacchetti tra cui scegliere. Il pacchetto normale \u00e8 assolutamente gratuito, tuttavia, ci sono account premium offerti con funzionalit\u00e0 aggiuntive che possono soddisfare accuratamente le esigenze dei clienti.<\/p>\n\n\n\n<h3>Cos&#8217;\u00e8 &#8220;Nuvola&#8221;?<\/h3>\n\n\n\n<p>Il cloud si riferisce all&#8217;archiviazione dei dati che non \u00e8 gestita direttamente dall&#8217;utente. Si riferisce ai centri dati in cui documenti, supporti e altri file possono essere archiviati e accessibili tramite Internet indipendentemente dal dispositivo utilizzato e dalla posizione dell&#8217;utente. Ci\u00f2 \u00e8 reso possibile dai server dei fornitori fuori sede e da Internet.<\/p>\n\n\n\n<p>In parole povere, i file memorizzati nel cloud o su server off-site sono accessibili ovunque, in qualsiasi momento e su qualsiasi dispositivo, a condizione che l&#8217;utente disponga di una connessione a Internet.<\/p>\n\n\n\n<h3>Perch\u00e9 utilizzare UploadGIG?<\/h3>\n\n\n\n<p>Nella scelta di un hoster di file, gli utenti devono dipendere da questo:<\/p>\n\n\n\n<ol><li>I tipi di file che vogliono archiviare, che si tratti di documenti, fogli di calcolo, software, media, foto, video o film;<\/li><li>Di quanta sicurezza hanno bisogno o quanto \u00e8 sicuro il sito di hosting dei file per mantenere al sicuro sia i file che l&#8217;account utente;<\/li><li>Sia che mirino a cooperare o a condividere file con altri consumatori. In caso di uso professionale, il livello di necessit\u00e0 di condividere file tra colleghi e compagni di squadra;<\/li><li>I dispositivi utilizzati per modificare, organizzare e accedere ai file; e<\/li><li>L&#8217;intensit\u00e0 del comfort con la facilit\u00e0 d&#8217;uso del sito, dato che un&#8217;altra assistenza \u00e8 molto accomodante, mentre alcune offerte fanno progressi nella personalizzazione per ulteriori abili tecnofili.<\/li><\/ol>\n\n\n\n<p>Per prima cosa, UploadGIG \u00e8 un modo per memorizzare e condividere file online. Per illustrarlo ulteriormente, opera come un provider di cloud storage a cui l&#8217;utente pu\u00f2 archiviare gratuitamente file, documenti e supporti essenziali. \u00c8 anche ideale per memorizzare dati personali per diversi computer, e non dovrete pi\u00f9 preoccuparvi di portare con voi una chiavetta USB.<\/p>\n\n\n\n<p>In secondo luogo, pu\u00f2 essere utilizzato come backup di file e supporti. \u00c8 necessario conservare copie di backup di file importanti perch\u00e9 non sapremo mai cosa potrebbe accadere. Con UploadGIG, gli utenti sono in grado di creare facilmente i backup e di scaricare i file proprio quando ne hanno bisogno. Creare e mantenere sicure le copie dei file.<\/p>\n\n\n\n<p>In terzo luogo, \u00e8 supportata la condivisione dei file degli utenti con il resto del mondo. La condivisione di foto e video con i parenti \u00e8 stata semplificata. Professionalmente, i file di lavoro, i documenti e i media possono essere condivisi anche con i colleghi e i compagni di squadra. Non c&#8217;\u00e8 da stupirsi che molti imprenditori e professionisti trovino i fornitori di servizi di archiviazione online molto utili, perch\u00e9 sono facilmente disponibili e molto utili. \u00c8 anche ideale per coloro che vogliono condividere file troppo grandi per essere inviati via e-mail.<\/p>\n\n\n\n<p>In quarto luogo, UploadGIG funziona anche per coloro che hanno bisogno di una capacit\u00e0 di archiviazione remota sicura per i backup fuori sede.<\/p>\n\n\n\n<h2>Quali file possono essere caricati dagli utenti?<\/h2>\n\n\n\n<p>Gli utenti possono caricare qualsiasi documento e supporto che ritengono importante, o quelli con la necessit\u00e0 di un facile accesso e condivisione. Possono caricare quasi ogni tipo di file. Tuttavia, essere consapevoli di alcune limitazioni e restrizioni in vigore. Come qualsiasi altro fornitore di servizi cloud, gli utenti non sono autorizzati a caricare alcuno di questi:<\/p>\n\n\n\n<ul><li>File relativi alla pornografia, immagini sessuali;<\/li><li>file relativi a qualsiasi tipo di materiale offensivo, molesto o violento; e<\/li><li>File e materiali protetti da copyright.<\/li><\/ul>\n\n\n\n<p>Per garantire che non vi siano violazioni delle regole e dei regolamenti del sito, leggere e rivedere i Termini di servizio. Oltre alle restrizioni menzionate, gli utenti possono utilizzare il sito web in qualsiasi modo vogliano.<\/p>\n\n\n\n<h3>Come pu\u00f2 un utente caricare file?<\/h3>\n\n\n\n<p>Un utente ha tre opzioni su come caricare i propri file. La prima \u00e8 attraverso la funzione Web Upload. Un utente pu\u00f2 caricare un file utilizzando un qualsiasi browser web di qualsiasi dispositivo dotato di connessione a Internet. La seconda \u00e8 attraverso la funzione Remote Upload. Utilizzando questa funzione, un utente pu\u00f2 caricare un file in remoto utilizzando il link specifico di un file. Infine, un utente pu\u00f2 caricare un file utilizzando la funzione File Transfer Protocol o FTP Upload. Esso utilizza un dispositivo che supporta anche l&#8217;applicazione di un client FTP.<\/p>\n\n\n\n<h3>Gli utenti possono condividere i file?<\/h3>\n\n\n\n<p>Un&#8217;altra caratteristica supportata da UploadGIG \u00e8 che gli utenti sono liberi di condividere i file caricati a chiunque ne abbia bisogno o voglia. I file caricati in UploadGIG generano anche un link per il download. Gli utenti devono solo fornire il link per il download alla rispettiva persona o alle rispettive persone con cui vogliono condividere il file caricato.<\/p>\n\n\n\n<h3>Gli utenti possono cancellare i file?<\/h3>\n\n\n\n<p>S\u00ec! UploadGIG ha una funzione per cancellare uno o pi\u00f9 file che gli utenti ritengono di non utilizzare. All&#8217;utente viene data la possibilit\u00e0 di cancellare i file prima della data di scadenza. UploadGIG dar\u00e0 all&#8217;utente un link per il file specifico da cancellare. L&#8217;utente deve solo cliccare sul link fornito e il file verr\u00e0 automaticamente cancellato dal sistema. Inoltre, se l&#8217;utente dovesse mai perdere il link di cancellazione, i file verranno automaticamente cancellati alla data di scadenza. Se c&#8217;\u00e8 la necessit\u00e0 di cancellare urgentemente i file, gli utenti possono anche contattare il team di supporto di UploadGIG.<\/p>\n\n\n\n<h3>I file sono sicuri?<\/h3>\n\n\n\n<p>S\u00ec! UploadGIG richiede agli utenti di creare un account protetto da password in cui possono caricare i file per l&#8217;archiviazione e il download quando necessario. Come procedura standard, gli altri utenti non possono e non saranno in grado di accedere ai file di altri utenti. Per questo motivo non permette agli utenti di cercare i file caricati da altri ed \u00e8 considerato illegale. Mentre l&#8217;uploader pu\u00f2 trovare senza sforzo i propri file mentre passano all&#8217;interno degli upload. Per gli account e i file pi\u00f9 organizzati, allo stesso modo, gli utenti possono ulteriormente ordinarli di conseguenza.<\/p>\n\n\n\n<p>Gli utenti non devono preoccuparsi che altri scarichino quei file, perch\u00e9 non potranno farlo se non hanno il link per il download. Si fa anche notare che UploadGIG d\u00e0 grande valore alla privacy degli utenti.<\/p>\n\n\n\n<h2>Come creare un account UploadGIG?<\/h2>\n\n\n\n<p>Per creare e caricare l&#8217;account di UploadGIG. Compilare il modulo fornito con una e-mail valida e una password sicura. Inoltre, fare clic sul CAPTCHA, questo per assicurarsi che chi crea un account sia un essere umano. In termini di inserimento dati, CAPTCHA \u00e8 destinato a riconoscere gli esseri umani dalle macchine, \u00e8 un programma utilizzato come mezzo per fermare lo spam e la cattura automatica dei dati dal sito. Dopo aver creato un account, agli utenti verr\u00e0 chiesto di confermare la loro e-mail per completare il processo di creazione dell&#8217;account.<\/p>\n\n\n\n<p>Un altro modo per creare un account \u00e8 quello di collegarlo a un account di social media esistente o a piattaforme di posta elettronica esistenti. Gli utenti saranno in grado di utilizzare il loro servizio di file hosting subito dopo aver creato un account. Per essere pi\u00f9 specifici, gli account dei social media come Facebook, o Twitter, e le piattaforme di posta elettronica esistenti come Yahoo, o Google.<\/p>\n\n\n\n<p>UploadGIG offre sia account gratuiti che premium, con funzionalit\u00e0 aggiuntive in grado di soddisfare le diverse esigenze degli utenti. Al momento dell&#8217;iscrizione, gli account utente sono gratuiti. Tuttavia, viene data loro la possibilit\u00e0 di passare ad un account premium, offrendo diversi pacchetti premium.<\/p>\n\n\n\n<h3>Confronto tra account gratuito e UploadGIG Premium<\/h3>\n\n\n\n<figure class=\"wp-block-table\"><table><tbody><tr><td>Caratteristiche UploadGIG<\/td><td>Conto gratuito<\/td><td>Conto Premium<\/td><\/tr><tr><td>Scarica la velocit\u00e0<\/td><td>Cinquanta kilobyte al secondo (50 KB\/s)<\/td><td>Non limitato<\/td><\/tr><tr><td>Tempo di download<\/td><td>Da sessanta (60) secondi a dieci (10) minuti e quattordici (14) secondi<\/td><td>Da zero (0) a tre (3) secondi<\/td><\/tr><tr><td>Costo<\/td><td>Completamente gratuito<\/td><td>Dipende dal pacchetto UploadGIG Premium acquistato<\/td><\/tr><tr><td>Numero di file scaricabili<\/td><td>Solo un (1) file pu\u00f2 per ora<\/td><td>Nessun limite per il download di un file<\/td><\/tr><tr><td>Con Annunci<\/td><td>S\u00ec<\/td><td>No<\/td><\/tr><tr><td>Supports resume of download<\/td><td>No<\/td><td>S\u00ec<\/td><\/tr><tr><td>With waiting time before the start of a download<\/td><td>S\u00ec<\/td><td>No<\/td><\/tr><\/tbody><\/table><\/figure>\n\n\n\n<h3>Perch\u00e9 scegliere UploadGIG Premium?<\/h3>\n\n\n\n<p>UploadGIG Premium Account offre un sito senza pubblicit\u00e0, senza ritardi per il download, senza limiti e restrizioni nel download di un file, senza scadenza dei file e con un caricamento e un download pi\u00f9 veloce. Pertanto, considerate la possibilit\u00e0 di aggiornare il vostro account gratuito UploadGIG all&#8217;account UploadGIG Premium.<\/p>\n\n\n\n<p>Avere un Account UploadGIG Premium offre ai suoi utenti molti vantaggi rispetto all&#8217;Account UploadGIG Free. Questo \u00e8 dovuto al fatto che l&#8217;account Premium ha una velocit\u00e0 di download pi\u00f9 alta rispetto all&#8217;account gratuito con una velocit\u00e0 di 50 kilobyte al secondo (50 KB\/s). Questa \u00e8 una differenza enorme con gli account gratuiti e premium in termini di velocit\u00e0. Il passaggio a un account UploadGIG Premium offre agli utenti zero ritardi durante il download o il caricamento di un file e non fornisce alcun limite e nessuna restrizione nel numero di file da scaricare, gli utenti possono scaricare tutti i file che vogliono. Un altro vantaggio, con l&#8217;UploadGIG Premium Account, gli utenti non dovrebbero avere a che fare con annunci fastidiosi sul sito.<\/p>\n\n\n\n<h3>Cosa sono le Tariffe Premium UploadGIG?<\/h3>\n\n\n\n<figure class=\"wp-block-image\"><img src=\"https:\/\/lh5.googleusercontent.com\/AR_ygX7F-lMc-cc_1o-pvzH66SgtyHwUnWtEqOTnJ2JZ678lutACx7aTJrJNCW6zdDm37w2w1VcfN1XdfDZEF4mdoC-Am9PJCosOM8_iRWukyrqg_PzkQXTk16HJcwe_Zl-kyr7q\" alt=\"UploadGIG Premium Rates + Mode of Payment\" title=\"UploadGIG Premium Rates + Mode of Payment\"\/><\/figure>\n\n\n<a class=\"maxbutton-1 maxbutton maxbutton-cta\" target=\"_blank\" rel=\"nofollow noopener\" href=\"\/go\/\"><span class='mb-text'>&gt;&gt; Vai al sito ufficiale di Uploadgig.com<\/span><\/a>\n\n\n<p><\/p>\n\n\n\n<p>Con un account premium, gli utenti possono godere della massima velocit\u00e0 di download, inoltre saranno in grado di utilizzare una funzione chiamata download parallelo che accelera la velocit\u00e0 di download creando lavori paralleli per gestire il download, gli account premium vantano anche un download diretto e gratuito, e gli utenti possono anche dire addio ai tempi di attesa, ed essere anonimi al 100%. Inoltre, i vantaggi di un account premium hanno un prezzo molto conveniente. Per soli 12 dollari, gli utenti possono godere di queste caratteristiche per 30 giorni e 25 dollari vanno bene per 90 giorni. Gli account premium da 90 giorni sono i pi\u00f9 popolari per i clienti, mentre l&#8217;account da 365 giorni per 86 dollari \u00e8 la migliore offerta del sito.<\/p>\n\n\n\n<h3>Quali sono le opzioni di pagamento disponibili?<\/h3>\n\n\n\n<p>Per offrire agli utenti un modo semplice e conveniente di acquistare prodotti e servizi, UploadGIG supporta diverse opzioni di pagamento. Vedi sotto per le seguenti opzioni di pagamento supportate da UploadGIG.<\/p>\n\n\n\n<figure class=\"wp-block-table\"><table><tbody><tr><td>Visa o MasterCard<\/td><td>PayPal or Bitcoin or Altcoin<\/td><td>Cherry Credits<\/td><td>Trustpay<\/td><\/tr><tr><td>Alipay<\/td><td>Yandex Money<\/td><td>Neosurf<\/td><td>Boleto<\/td><\/tr><tr><td>DineroMail<\/td><td>Banamex<\/td><td>Poli<\/td><td>And many more<\/td><\/tr><\/tbody><\/table><\/figure>\n\n\n\n<p>Dopo il buon esito del pagamento del Pacchetto Account Premium di UploadGIG, gli utenti riceveranno un messaggio con il Pacchetto Account Premium al loro indirizzo email verificato entro sole ventiquattro (24) ore. UploadGIG non addebita i clienti in modo ricorrente, hanno promesso che non addebiteranno le carte di credito del cliente, i conti PayPal, i conti bancari o altri conti di pagamento alla scadenza del loro conto premium UploadGIG, a meno che non scelgano di riacquistare.<\/p>\n\n\n\n<h2>Altre caratteristiche supportate in UploadGIG<\/h2>\n\n\n\n<h3>Rivenditori di UploadGIG<\/h3>\n\n\n\n<p>UploadGig ha vari rivenditori di diversi paesi in tutto il mondo. Le persone possono acquistare i prodotti e i servizi di UploadGig direttamente e con l&#8217;aiuto dei rivenditori. Se mai un utente non \u00e8 in grado di acquistare attraverso i pagamenti online, allora pu\u00f2 acquistare presso i rivenditori ufficiali approvati della UploadGIG menzionati nella tabella sottostante. Gli utenti possono anche andare alla pagina Rivenditore UploadGIG del sito.<\/p>\n\n\n\n<p>Siti dove un utente pu\u00f2 usufruire del pacchetto UploadGIG Premium e della chiave di attivazione dell&#8217;account UploadGIG Premium:<\/p>\n\n\n\n<figure class=\"wp-block-table\"><table><tbody><tr><td>Armadietto di sicurezza<\/td><td>Chiave istantanea<\/td><td>Premium<\/td><\/tr><tr><td>Chiave Premium<\/td><td>Acquista la chiave Premium<\/td><td>365 premium<\/td><\/tr><tr><td>Rivenditore Alipay<\/td><td>Buono Premium<\/td><td>Taobao (China)<\/td><\/tr><tr><td>Rivenditore con un solo clic<\/td><td>Premium KeyStore<\/td><td>Yahoo! Auctions (Japan)<\/td><\/tr><\/tbody><\/table><\/figure>\n\n\n\n<p>UploadGIG consiglia a tutti di non acquistare prodotti e servizi da gruppi o organizzazioni che non sono inclusi nell&#8217;elenco dei rivenditori autorizzati.<\/p>\n\n\n\n<h4>Come diventare rivenditore di UploadGIG?<\/h4>\n\n\n\n<p>Per essere uno dei rivenditori di UploadGIG nel proprio paese, gli utenti sono tenuti a compilare un biglietto che richiede di essere un rivenditore di UploadGIG. L&#8217;utente deve compilare le seguenti informazioni richieste per il biglietto:<\/p>\n\n\n\n<ol><li>L&#8217;oggetto del messaggio;<\/li><li>L&#8217;indirizzo e-mail dell&#8217;utente;<\/li><li>Il contenuto del messaggio; e<\/li><li>Il CAPTCHA corretto<\/li><\/ol>\n\n\n\n<p>Dopo aver compilato i campi per il biglietto, cliccare sul pulsante &#8220;Invia&#8221; per inviare una richiesta all&#8217;UploadGIG.<\/p>\n\n\n\n<h3>Il programma di affiliazione di UploadGIG<\/h3>\n\n\n\n<p>UploadGIG offre ai suoi utenti un modo per guadagnare denaro durante l&#8217;utilizzo del sito, questo attraverso il Programma di Affiliazione. In qualit\u00e0 di affiliato, gli utenti possono godere di generosi tassi di commissione con gli annunci e le landing page pi\u00f9 performanti che hanno. La cosa migliore \u00e8 che i piani di abbonamento sono altamente competitivi.<\/p>\n\n\n\n<h4>Come iniziare e guadagnare nel Programma di affiliazione?<\/h4>\n\n\n\n<p>Come per altri programmi di affiliazione, gli utenti devono prima iscriversi. Una volta approvato come ultimo affiliato, gli utenti dovranno registrare l&#8217;URL emesso che verr\u00e0 utilizzato per indirizzare gli ospiti. Dopo che l&#8217;URL di affiliazione \u00e8 stato registrato e confermato, gli utenti possono scegliere la parola &#8220;link&#8221; o &#8220;poster&#8221; che utilizzerete per il vostro sito.<\/p>\n\n\n\n<p>Questi banner e link testuali vengono poi utilizzati per generare vendite. Questo link URL pu\u00f2 essere applicato ai rinvii di conti. L&#8217;obiettivo \u00e8 che il referenziato si assicuri un acquisto utilizzando il link URL e che, a sua volta, l&#8217;utente riceva una commissione.<\/p>\n\n\n\n<h4>Quali sono i tipi di conto per il Programma di affiliazione?<\/h4>\n\n\n\n<p>Come detto, un utente pu\u00f2 anche guadagnare denaro dai suoi referenziati, ma dipende dal tipo di conto in cui si trova. I tipi di account UploadGIG per il programma di affiliazione sono Basic, Bronze, Silver, Gold, Platinum e Diamond. Si prega di vedere i dettagli di seguito per il programma di affiliazione UploadGIG.<\/p>\n\n\n\n<figure class=\"wp-block-table\"><table><tbody><tr><td>Tipo di conto affiliato UploadGIG<\/td><td>Dimensioni del disco (in Terabyte)<\/td><td>Data di scadenza del file (in giorni)<\/td><td>Tasso o Percentuale del Pay Per Sale (PPS) e riaccredito<\/td><td>Quanto dura il pagamento? (in giorni)<\/td><td>Aggiorna il livello del conto affiliato<\/td><\/tr><tr><td>Basic<\/td><td>2 TB<\/td><td>15<\/td><td>50%<\/td><td>15<\/td><td>Livello di partenza<\/td><\/tr><tr><td>Bronze<\/td><td>4 TB<\/td><td>30<\/td><td>60%<\/td><td>12<\/td><td>Quando le vendite raggiungono i 200 USD<\/td><\/tr><tr><td>Silver<\/td><td>8 TB<\/td><td>45<\/td><td>65%<\/td><td>10<\/td><td>Quando le vendite raggiungono i 500 USD<\/td><\/tr><tr><td>Gold<\/td><td>20 TB<\/td><td>60<\/td><td>70%<\/td><td>7<\/td><td>Quando le vendite raggiungono i 2.000 USD<\/td><\/tr><tr><td>Platinum<\/td><td>50 TB<\/td><td>90<\/td><td>75%<\/td><td>5<\/td><td>Quando le vendite raggiungono i 5.000 USD<\/td><\/tr><tr><td>Diamond<\/td><td>200 TB<\/td><td>120<\/td><td>80%<\/td><td>3<\/td><td>Quando le vendite raggiungono i 20.000 USD<\/td><\/tr><\/tbody><\/table><\/figure>\n\n\n\n<p>Il conto di base sar\u00e0 il predefinito per tutti i nuovi conti utente che poi aderiscono al Programma di affiliazione, un conto utente affiliato viene aggiornato automaticamente solo quando un utente raggiunge l&#8217;importo di vendita richiesto per il livello successivo.<\/p>\n\n\n\n<h2>Rimborso e politica di rimborso<\/h2>\n\n\n\n<p>Se un utente dovesse trovare i servizi UploadGIG insoddisfacenti, pu\u00f2 richiedere la cancellazione del proprio account o dell&#8217;iscrizione e chiedere un rimborso. UploadGIG garantisce a tutti i suoi utenti che restituiranno il loro denaro se non sono soddisfatti dei servizi. Per migliorare continuamente le sue caratteristiche e i suoi servizi, UploadGIG chieder\u00e0 anche ai suoi utenti di dare loro il motivo del rimborso.<\/p>\n\n\n\n<p>Per un rimborso completo, l&#8217;utente pu\u00f2 richiedere il rimborso solo entro i primi tre (3) giorni di utilizzo del conto premium. Inoltre, l&#8217;utente non deve aver scaricato due (2) file che non devono essere superiori a un gigabyte (1 GB).<\/p>\n\n\n\n<p>Per ulteriori dubbi sulla cancellazione o sul rimborso, gli utenti possono inviare un&#8217;e-mail a support@uploadgig.com o info@uploadgig.com o tramite il modulo per il ticket di supporto che si trova nella pagina di supporto del sito UploadGIG.<\/p>\n\n\n\n<h2>Conclusione<\/h2>\n\n\n\n<p>Ci sono molti fornitori di file hosting oggi sul mercato che soddisfano la crescente necessit\u00e0 di cloud storage. UploadGIG pu\u00f2 essere uno di questi, ma l&#8217;UploadGIG Premium Account vi dar\u00e0 il vostro denaro. Per esempio, gli utenti possono godere della massima velocit\u00e0 di download grazie alla funzione di download parallelo che accelera la velocit\u00e0 di download creando lavori paralleli per gestire il download, gli utenti possono anche beneficiare di un download diretto e gratuito, e possono anche dire addio ai tempi di attesa ed essere anonimi al 100%. UploadGIG assicura che gli account e i file del cliente siano tenuti al sicuro. Tutti questi vantaggi di un account premium hanno un prezzo molto conveniente.<\/p>\n\n\n\n<p>UploadGIG \u00e8 anche supportato da un programma per rivenditori per soddisfare e raggiungere un maggior numero di potenziali utenti e programmi di affiliazione per aiutare gli utenti a guadagnare durante l&#8217;utilizzo del sito.<\/p>\n\n\n\n<p>Riferimenti:<br><a rel=\"noreferrer noopener\" href=\"https:\/\/en.wikipedia.org\/wiki\/File_hosting_service#Uses\" target=\"_blank\">https:\/\/en.wikipedia.org\/wiki\/File_hosting_service#Uses<\/a><br><a rel=\"noreferrer noopener\" href=\"https:\/\/blog.stackpath.com\/glossary-content-caching\/\" target=\"_blank\">https:\/\/blog.stackpath.com\/glossary-content-caching\/<\/a><br><a rel=\"noreferrer noopener\" href=\"https:\/\/sea.pcmag.com\/storage\/8885\/the-best-cloud-storage-and-file-sharing-services-for-2019\" target=\"_blank\">https:\/\/sea.pcmag.com\/storage\/8885\/the-best-cloud-storage-and-file-sharing-services-for-2019<\/a><\/p>\n\n\n<a class=\"maxbutton-1 maxbutton maxbutton-cta\" target=\"_blank\" rel=\"nofollow noopener\" href=\"\/go\/\"><span class='mb-text'>&gt;&gt; Vai al sito ufficiale di Uploadgig.com<\/span><\/a>\n\n\n<p><\/p>\n","protected":false},"excerpt":{"rendered":"<p>Cos&#8217;\u00e8 un File Hoster? Un file hoster \u00e8 un fornitore di servizi che ospita i file degli utenti utilizzando lo<\/p>\n","protected":false},"author":3,"featured_media":0,"parent":0,"menu_order":0,"comment_status":"closed","ping_status":"closed","template":"","meta":[],"_links":{"self":[{"href":"https:\/\/www.uploadgig.xyz\/it\/wp-json\/wp\/v2\/pages\/148"}],"collection":[{"href":"https:\/\/www.uploadgig.xyz\/it\/wp-json\/wp\/v2\/pages"}],"about":[{"href":"https:\/\/www.uploadgig.xyz\/it\/wp-json\/wp\/v2\/types\/page"}],"author":[{"embeddable":true,"href":"https:\/\/www.uploadgig.xyz\/it\/wp-json\/wp\/v2\/users\/3"}],"replies":[{"embeddable":true,"href":"https:\/\/www.uploadgig.xyz\/it\/wp-json\/wp\/v2\/comments?post=148"}],"version-history":[{"count":3,"href":"https:\/\/www.uploadgig.xyz\/it\/wp-json\/wp\/v2\/pages\/148\/revisions"}],"predecessor-version":[{"id":188,"href":"https:\/\/www.uploadgig.xyz\/it\/wp-json\/wp\/v2\/pages\/148\/revisions\/188"}],"wp:attachment":[{"href":"https:\/\/www.uploadgig.xyz\/it\/wp-json\/wp\/v2\/media?parent=148"}],"curies":[{"name":"wp","href":"https:\/\/api.w.org\/{rel}","templated":true}]}}