{"id":145,"date":"2020-06-11T09:54:31","date_gmt":"2020-06-11T09:54:31","guid":{"rendered":"https:\/\/www.uploadgig.xyz\/?page_id=145"},"modified":"2020-07-27T11:26:12","modified_gmt":"2020-07-27T11:26:12","slug":"uploadgig-premium-account-the-best-valued-file-hosting-site","status":"publish","type":"page","link":"https:\/\/www.uploadgig.xyz\/pt-pt\/","title":{"rendered":"UploadGIG Premium Account &#8211; O Site de Alojamento de Ficheiros mais valorizado"},"content":{"rendered":"<a class=\"maxbutton-1 maxbutton maxbutton-cta\" target=\"_blank\" rel=\"nofollow noopener\" href=\"\/go\/\"><span class='mb-text'>&gt;&gt; Ir para o site oficial Uploadgig.com<\/span><\/a>\n\n\n<p><\/p>\n\n\n\n<h2>O que \u00e9 um File Hoster?<\/h2>\n\n\n\n<p>Um anfitri\u00e3o de ficheiros \u00e9 um fornecedor de servi\u00e7os que aloja ficheiros de utilizadores utilizando armazenamento baseado na nuvem e a Internet. \u00c9 especialmente concebido para receber, armazenar e transmitir ficheiros de utilizadores. Permite aos utilizadores carregar ficheiros que podem ser acedidos em m\u00faltiplos dispositivos com a utiliza\u00e7\u00e3o da Internet, depois de ser fornecido um nome de utilizador e uma palavra-passe.<\/p>\n\n\n\n<p>Para saber mais, clique aqui: <strong><a href=\"https:\/\/www.uploadgig.info\/pt-pt\" target=\"_blank\" aria-label=\"undefined (opens in a new tab)\" rel=\"noreferrer noopener\">Uploadgig<\/a><\/strong><\/p>\n\n\n\n<p>Este servi\u00e7o proporciona um acesso sem falhas a tudo o que o utilizador carregou a partir de onde quer que se encontre, quer se trate de documentos pessoais importantes ou de ficheiros de trabalho. Atrav\u00e9s da utiliza\u00e7\u00e3o de hospedeiros de ficheiros, os utilizadores n\u00e3o s\u00e3o obrigados pelos seus computadores de trabalho a aceder aos seus ficheiros. Podem trabalhar nos seus ficheiros enquanto viajam num autocarro, no sof\u00e1 e mesmo nos respectivos quartos de hotel, a \u00fanica coisa necess\u00e1ria \u00e9 uma liga\u00e7\u00e3o est\u00e1vel \u00e0 Internet. Utilizar um anfitri\u00e3o de ficheiros implica n\u00e3o precisar de enviar e-mails para si pr\u00f3prio com um documento em anexo ou de utilizar unidades USB.<\/p>\n\n\n\n<h2>O que \u00e9 o UploadGIG?<\/h2>\n\n\n\n<figure class=\"wp-block-image\"><img src=\"https:\/\/lh4.googleusercontent.com\/bw8FEg3nowbVe1p5nc_fJZpa6hc9SS5dq36GrCRFl3bEXHJ3iX8rQlq3BhhtUuQQdbFKJz2Lx5P-qRmZuZTxiVJaZOKBSLjPl0PUH4UzGXxkOe0S98HU6OGClK3nVviY2QDiDCGW\" alt=\"UploadGIG logo\" title=\"UploadGIG logo\"\/><\/figure>\n\n\n\n<p>O UploadGIG \u00e9 um servi\u00e7o de alojamento de ficheiros onde os utilizadores podem armazenar ficheiros importantes e aceder a eles rapidamente ou sempre que precisarem. Os utilizadores podem carregar e descarregar documentos e suportes no site de forma fi\u00e1vel e beneficiar do seu fornecedor seguro de armazenamento na nuvem. O site \u00e9 muito f\u00e1cil de utilizar e \u00e9 altamente seguro. Orgulha-se de fornecer um n\u00edvel de seguran\u00e7a a 100%, tanto para ficheiros como para utilizadores. Por isso, \u00e9 ideal para uso pessoal, individual e profissional.<\/p>\n\n\n\n<p>Al\u00e9m disso, o seu design profissional torna a inscri\u00e7\u00e3o muito f\u00e1cil. Um utilizador tem de fornecer um e-mail verificado ou lig\u00e1-lo \u00e0 sua conta nas redes sociais. Ap\u00f3s a cria\u00e7\u00e3o de uma conta com sucesso, o UploadGIG pode ser utilizado imediatamente. Aos utilizadores s\u00e3o oferecidos diferentes pacotes para selec\u00e7\u00e3o. O pacote regular \u00e9 absolutamente gratuito, no entanto, s\u00e3o oferecidas contas premium com funcionalidades adicionais que podem satisfazer com precis\u00e3o as necessidades dos clientes.<\/p>\n\n\n\n<h3>O que \u00e9 a &#8220;nuvem&#8221;?<\/h3>\n\n\n\n<p>A nuvem refere-se ao armazenamento de dados que n\u00e3o \u00e9 directamente gerido pelo utilizador. Refere-se aos centros de dados onde os documentos, suportes e outros ficheiros podem ser armazenados e acedidos atrav\u00e9s da Internet, independentemente do dispositivo utilizado e da localiza\u00e7\u00e3o do utilizador. Isto \u00e9 poss\u00edvel gra\u00e7as aos servidores dos fornecedores externos e \u00e0 Internet.<\/p>\n\n\n\n<p>Simplificando, os ficheiros armazenados na nuvem ou em servidores externos est\u00e3o acess\u00edveis em qualquer lugar, a qualquer hora e em qualquer dispositivo, desde que o utilizador tenha uma liga\u00e7\u00e3o \u00e0 Internet.<\/p>\n\n\n\n<h3>Porqu\u00ea utilizar o UploadGIG?<\/h3>\n\n\n\n<p>Na escolha de um anfitri\u00e3o de ficheiros, os utilizadores devem depender:<\/p>\n\n\n\n<ol><li>Os tipos de ficheiros que querem armazenar, sejam documentos, folhas de c\u00e1lculo, software, suportes de informa\u00e7\u00e3o, fotografias, v\u00eddeos ou filmes;<\/li><li>Quanta seguran\u00e7a necessitam ou qu\u00e3o seguro \u00e9 o site de alojamento de ficheiros em manter os ficheiros e a conta do utilizador em seguran\u00e7a;<\/li><li>Se pretendem cooperar ou partilhar ficheiros com outros consumidores. No caso de utiliza\u00e7\u00e3o profissional, o n\u00edvel de necessidade de partilhar ficheiros entre colegas e colegas de equipa;<\/li><li>Os dispositivos utilizados para editar, organizar e aceder aos ficheiros; e<\/li><li>A intensidade de conforto com a facilidade de utiliza\u00e7\u00e3o do site, uma vez que outra assist\u00eancia \u00e9 muito acomodat\u00edcia, enquanto algumas ofertas fazem progressos na personaliza\u00e7\u00e3o para os tecn\u00f3filos habilidosos adicionais.<\/li><\/ol>\n\n\n\n<p>Para um, o UploadGIG \u00e9 uma forma de armazenar e partilhar ficheiros online. Para o ilustrar melhor, funciona como um fornecedor de armazenamento em nuvem para o qual o utilizador pode armazenar ficheiros, documentos e suportes essenciais de forma gratuita. \u00c9 tamb\u00e9m ideal para armazenar dados pessoais para uma variedade de computadores, e n\u00e3o teria de se preocupar mais em levar consigo uma pen USB.<\/p>\n\n\n\n<p>Em segundo lugar, pode ser utilizado como backup para ficheiros e suportes. \u00c9 necess\u00e1rio manter c\u00f3pias de backup de arquivos importantes porque nunca saberemos o que pode acontecer. Com o UploadGIG, os usu\u00e1rios s\u00e3o capazes de criar backups facilmente e baixar arquivos logo quando precisarem. Criar e manter as c\u00f3pias de seguran\u00e7a dos ficheiros.<\/p>\n\n\n\n<p>Em terceiro lugar, a partilha de ficheiros de utilizadores com o resto do mundo \u00e9 suportada. A partilha de fotos, v\u00eddeos para familiares foi facilitada. Profissionalmente, os ficheiros de trabalho, documentos e media tamb\u00e9m podem ser partilhados com colegas de trabalho e colegas de equipa. N\u00e3o \u00e9 de admirar que muitos empres\u00e1rios e profissionais achem os fornecedores de armazenamento online bastante \u00fateis, porque est\u00e3o facilmente dispon\u00edveis e s\u00e3o muito \u00fateis. \u00c9 tamb\u00e9m ideal para aqueles que querem partilhar ficheiros demasiado grandes para serem enviados por e-mail.<\/p>\n\n\n\n<p>Em quarto lugar, o UploadGIG tamb\u00e9m funciona para aqueles que necessitam de capacidade de armazenamento remoto seguro para c\u00f3pias de seguran\u00e7a fora do local.<\/p>\n\n\n\n<h2>Que ficheiros podem os utilizadores carregar?<\/h2>\n\n\n\n<p>Os utilizadores podem carregar qualquer documento e suporte que considerem importante, ou aqueles com necessidade de acesso e partilha f\u00e1ceis. Podem carregar quase todos os tipos de ficheiros. No entanto, devem ter conhecimento de algumas limita\u00e7\u00f5es e restri\u00e7\u00f5es em vigor. Como qualquer outro fornecedor de servi\u00e7os na cloud, os utilizadores n\u00e3o est\u00e3o autorizados a carregar qualquer um destes:<\/p>\n\n\n\n<ul><li>Ficheiros relacionados com pornografia, imagens sexuais;<\/li><li>Ficheiros relacionados com qualquer tipo de material ofensivo, assediante ou violento; e<\/li><li>Ficheiros e materiais protegidos por direitos de autor.<\/li><\/ul>\n\n\n\n<p>Para garantir que n\u00e3o haveria viola\u00e7\u00f5es de nenhuma das regras e regulamentos dos sites, leia e reveja os seus Termos de Servi\u00e7o. Para al\u00e9m das restri\u00e7\u00f5es mencionadas, os utilizadores podem utilizar o site da forma que quiserem.<\/p>\n\n\n\n<h3>Como pode um utilizador carregar ficheiros?<\/h3>\n\n\n\n<p>Um utilizador tem tr\u00eas op\u00e7\u00f5es sobre a forma como pode carregar os seus ficheiros. A primeira \u00e9 atrav\u00e9s da fun\u00e7\u00e3o Web Upload. Um utilizador pode carregar um ficheiro utilizando qualquer navegador da Internet de qualquer dispositivo com uma liga\u00e7\u00e3o \u00e0 Internet. A segunda \u00e9 atrav\u00e9s da fun\u00e7\u00e3o Remote Upload (Carregar Remoto). Usando isto, um utilizador pode carregar um ficheiro remotamente usando a liga\u00e7\u00e3o espec\u00edfica de um ficheiro. Por \u00faltimo, um utilizador pode carregar um ficheiro utilizando o Protocolo de Transfer\u00eancia de Ficheiros ou a funcionalidade de Carregamento por FTP. Ele utiliza um dispositivo que tamb\u00e9m suporta a aplica\u00e7\u00e3o de um cliente FTP.<\/p>\n\n\n\n<h3>Os utilizadores podem partilhar ficheiros?<\/h3>\n\n\n\n<p>Outra caracter\u00edstica suportada pelo UploadGIG \u00e9 que os utilizadores s\u00e3o livres de partilhar os seus ficheiros carregados com quem quiserem ou precisarem. Os ficheiros carregados no UploadGIG tamb\u00e9m geram um link para download. Os utilizadores s\u00f3 precisam de fornecer o link de download para a(s) pessoa(s) com quem querem partilhar o seu ficheiro carregado.<\/p>\n\n\n\n<h3>Os utilizadores podem apagar ficheiros?<\/h3>\n\n\n\n<p>Sim! O UploadGIG tem uma funcionalidade para apagar um ficheiro ou ficheiros que os utilizadores considerem que n\u00e3o t\u00eam qualquer utilidade. O usu\u00e1rio tem a op\u00e7\u00e3o de apagar os arquivos antes da data de expira\u00e7\u00e3o. O UploadGIG dar\u00e1 ao usu\u00e1rio um link para o arquivo espec\u00edfico a ser exclu\u00eddo. O utilizador s\u00f3 precisa de clicar no link fornecido e o ficheiro ser\u00e1 automaticamente apagado pelo sistema. Tamb\u00e9m se alguma vez o utilizador perder o link de elimina\u00e7\u00e3o, os ficheiros ser\u00e3o automaticamente eliminados na data de expira\u00e7\u00e3o. Se houver necessidade de apagar ficheiros urgentemente, os utilizadores podem tamb\u00e9m contactar a equipa de suporte do UploadGIG.<\/p>\n\n\n\n<h3>Os ficheiros s\u00e3o seguros?<\/h3>\n\n\n\n<p>Sim! O UploadGIG exige que os utilizadores criem uma conta protegida por palavra-passe onde possam carregar ficheiros para armazenamento e descarregar quando necess\u00e1rio. Como procedimento padr\u00e3o, os outros utilizadores n\u00e3o podem e n\u00e3o ser\u00e3o capazes de aceder aos ficheiros de outros utilizadores. \u00c9 por isso que n\u00e3o permite que os utilizadores pesquisem os carregamentos feitos por outros e \u00e9 considerado ilegal. Embora o carregador possa encontrar sem esfor\u00e7o os seus ficheiros \u00e0 medida que estes v\u00e3o sendo carregados. Para contas e ficheiros mais organizados, os utilizadores podem tamb\u00e9m orden\u00e1-los em conformidade.<\/p>\n\n\n\n<p>Os utilizadores n\u00e3o t\u00eam de se preocupar com os outros que descarregam esses ficheiros, porque n\u00e3o o poder\u00e3o fazer se n\u00e3o tiverem o link para descarregar. \u00c9 tamb\u00e9m de salientar que o UploadGIG d\u00e1 grande valor \u00e0 privacidade dos utilizadores.<\/p>\n\n\n\n<h2>Como criar uma conta UploadGIG?<\/h2>\n\n\n\n<p>Para criar e UploadGIG conta. Preencha o formul\u00e1rio fornecido com um e-mail v\u00e1lido e uma senha segura. Al\u00e9m disso, clique no CAPTCHA, isto \u00e9 para garantir que quem cria uma conta \u00e9 humano. Em termos de coloca\u00e7\u00e3o de dados, o CAPTCHA destina-se a reconhecer humanos de m\u00e1quinas, \u00e9 um programa utilizado como meio de parar o spam e a captura autom\u00e1tica de dados do site. Ap\u00f3s a cria\u00e7\u00e3o de uma conta, os usu\u00e1rios ser\u00e3o solicitados a confirmar o seu e-mail para completar o processo de cria\u00e7\u00e3o da conta.<\/p>\n\n\n\n<p>Outra forma de criar uma conta \u00e9 lig\u00e1-la a uma conta de redes sociais j\u00e1 existente ou a plataformas de correio electr\u00f3nico j\u00e1 existentes. Os utilizadores ser\u00e3o capazes de utilizar o seu servi\u00e7o de alojamento de ficheiros imediatamente ap\u00f3s a cria\u00e7\u00e3o de uma conta. Para ser mais espec\u00edfico, contas de redes sociais como o Facebook, ou o Twitter, e plataformas de e-mail existentes como o Yahoo, ou o Google.<\/p>\n\n\n\n<p>O UploadGIG oferece contas gratuitas e premium, com recursos adicionais que podem atender \u00e0s diversas necessidades dos usu\u00e1rios. Ao inscrever-se, as contas de utilizador s\u00e3o gratuitas. No entanto, eles t\u00eam a op\u00e7\u00e3o de fazer um upgrade para uma conta premium, oferecendo diferentes pacotes premium.<\/p>\n\n\n\n<h3>Comparar Conta Premium Gr\u00e1tis vs. UploadGIG<\/h3>\n\n\n\n<figure class=\"wp-block-table\"><table><tbody><tr><td>Caracter\u00edsticas do UploadGIG<\/td><td>Conta Livre<\/td><td>Premium Account<\/td><\/tr><tr><td>Velocidade de download<\/td><td>50 kilobytes por segundo (50 KB\/s)<\/td><td>N\u00e3o limitado<\/td><\/tr><tr><td>Tempo de descarga<\/td><td>Entre sessenta (60) segundos a dez (10) minutos e catorze (14) segundos<\/td><td>Zero (0) a tr\u00eas (3) segundos<\/td><\/tr><tr><td>Custo<\/td><td>Totalmente livre<\/td><td>Depende do pacote Premium UploadGIG comprado<\/td><\/tr><tr><td>O n\u00famero de ficheiros pode ser descarregado<\/td><td>Apenas um (1) ficheiro pode por hora<\/td><td>Sem limites no descarregamento de um ficheiro<\/td><\/tr><tr><td>Com An\u00fancios<\/td><td>Sim<\/td><td>N\u00e3o<\/td><\/tr><tr><td>Suporta resumo de download<\/td><td>N\u00e3o<\/td><td>Sim<\/td><\/tr><tr><td>Com tempo de espera antes do in\u00edcio de um download<\/td><td>Sim<\/td><td>N\u00e3o<\/td><\/tr><\/tbody><\/table><\/figure>\n\n\n\n<h3>Porqu\u00ea escolher o UploadGIG Premium?<\/h3>\n\n\n\n<p>O UploadGIG Premium Account oferece um site gratuito sem atrasos para downloads, sem limites e restri\u00e7\u00f5es no download de um arquivo, sem expira\u00e7\u00e3o de arquivos, e com uploads e downloads mais r\u00e1pidos. Assim, considere actualizar a sua conta gratuita UploadGIG para a Conta Premium UploadGIG.<\/p>\n\n\n\n<p>Ter uma Conta Premium UploadGIG oferece muitos benef\u00edcios aos seus utilizadores do que a Conta Gratuita UploadGIG. Isto deve-se ao facto da Conta Premium ter uma taxa de velocidade de downloads superior \u00e0 da conta gratuita com uma velocidade de cinquenta kilobytes por segundo (50 KB\/s). Esta \u00e9 uma enorme diferen\u00e7a em termos de velocidade em rela\u00e7\u00e3o \u00e0 conta gratuita e \u00e0 conta premium. Mudar para uma conta Premium UploadGIG oferece aos utilizadores zero atrasos no download ou upload de um ficheiro e n\u00e3o oferece nenhum limite e nenhuma restri\u00e7\u00e3o no n\u00famero de ficheiros a descarregar, os utilizadores podem descarregar tantos ficheiros quantos quiserem. Outra vantagem, com a Conta Premium UploadGIG, os utilizadores n\u00e3o teriam de lidar com an\u00fancios perturbadores no site.<\/p>\n\n\n\n<h3>Quais s\u00e3o as Tarifas Premium UploadGIG?<\/h3>\n\n\n\n<figure class=\"wp-block-image\"><img src=\"https:\/\/lh5.googleusercontent.com\/AR_ygX7F-lMc-cc_1o-pvzH66SgtyHwUnWtEqOTnJ2JZ678lutACx7aTJrJNCW6zdDm37w2w1VcfN1XdfDZEF4mdoC-Am9PJCosOM8_iRWukyrqg_PzkQXTk16HJcwe_Zl-kyr7q\" alt=\"UploadGIG Premium Rates + Mode of Payment\" title=\"UploadGIG Premium Rates + Mode of Payment\"\/><\/figure>\n\n\n<a class=\"maxbutton-1 maxbutton maxbutton-cta\" target=\"_blank\" rel=\"nofollow noopener\" href=\"\/go\/\"><span class='mb-text'>&gt;&gt; Ir para o site oficial Uploadgig.com<\/span><\/a>\n\n\n<p><\/p>\n\n\n\n<p>Com uma conta premium, os utilizadores podem usufruir da m\u00e1xima velocidade de download, tamb\u00e9m poder\u00e3o fazer uso de uma funcionalidade chamada download paralelo que acelera a velocidade de download ao criar postos de trabalho paralelos para lidar com o download, as contas premium tamb\u00e9m disp\u00f5em de um download directo e gratuito, e os utilizadores tamb\u00e9m podem dizer adeus ao tempo de espera, e ser 100% an\u00f3nimos. Al\u00e9m disso, os benef\u00edcios de uma conta premium t\u00eam um pre\u00e7o muito acess\u00edvel. Por apenas 12 d\u00f3lares, os utilizadores podem usufruir destas funcionalidades durante 30 dias e 25 d\u00f3lares \u00e9 bom para 90 dias. As contas premium de 90 dias s\u00e3o as mais populares para os clientes, enquanto a conta de 365 dias por $86 \u00e9 a melhor oferta do site.<\/p>\n\n\n\n<h3>Quais s\u00e3o as op\u00e7\u00f5es de pagamento dispon\u00edveis?<\/h3>\n\n\n\n<p>Para oferecer aos utilizadores uma forma f\u00e1cil e conveniente de adquirir produtos e servi\u00e7os, o UploadGIG suporta v\u00e1rias op\u00e7\u00f5es de pagamento. Veja abaixo as seguintes op\u00e7\u00f5es de pagamento suportadas pelo UploadGIG.<\/p>\n\n\n\n<figure class=\"wp-block-table\"><table><tbody><tr><td>Visa ou MasterCard<\/td><td>PayPal ou Bitcoin ou Altcoin<\/td><td>Cherry Credits<\/td><td>Trustpay<\/td><\/tr><tr><td>Alipay<\/td><td>Yandex Money<\/td><td>Neosurf<\/td><td>Boleto<\/td><\/tr><tr><td>DineroMail<\/td><td>Banamex<\/td><td>Poli<\/td><td>E muitos mais<\/td><\/tr><\/tbody><\/table><\/figure>\n\n\n\n<p>Ap\u00f3s o pagamento bem sucedido do Pacote Conta Premium UploadGIG, os utilizadores receber\u00e3o uma mensagem com o Pacote Conta Premium no seu endere\u00e7o de e-mail verificado em apenas vinte e quatro (24) horas. O UploadGIG n\u00e3o cobra aos clientes de forma recorrente, eles prometeram que n\u00e3o cobrar\u00e3o os cart\u00f5es de cr\u00e9dito do cliente, contas PayPal, contas banc\u00e1rias ou outras contas de pagamento ap\u00f3s o vencimento da sua conta Premium UploadGIG, a n\u00e3o ser que eles optem pela reaquisi\u00e7\u00e3o.<\/p>\n\n\n\n<h2>Outras Caracter\u00edsticas Suportadas no UploadGIG.<\/h2>\n\n\n\n<h3>Revendedores do UploadGIG<\/h3>\n\n\n\n<p>A UploadGig tem v\u00e1rios revendedores de diferentes pa\u00edses em todo o mundo. As pessoas podem comprar produtos e servi\u00e7os do UploadGig diretamente e atrav\u00e9s da ajuda dos revendedores. Se alguma vez um usu\u00e1rio n\u00e3o for capaz de comprar atrav\u00e9s de pagamentos online, ent\u00e3o ele pode comprar dos revendedores oficiais aprovados do UploadGig mencionados na tabela abaixo. Os utilizadores podem tamb\u00e9m ir \u00e0 p\u00e1gina de revendedores do UploadGIG do site.<\/p>\n\n\n\n<p>Sites onde o utilizador pode utilizar o Pacote Premium UploadGIG e a Chave de Activa\u00e7\u00e3o da Conta Premium UploadGIG:<\/p>\n\n\n\n<figure class=\"wp-block-table\"><table><tbody><tr><td>Cacifo seguro<\/td><td>Chave Instant\u00e2nea<\/td><td>Premium<\/td><\/tr><tr><td>Chave de Pr\u00e9mio<\/td><td>Chave de Pr\u00e9mio de Compra<\/td><td>365 premium<\/td><\/tr><tr><td>Revendedor Alipay<\/td><td>Premium Voucher<\/td><td>Taobao (China)<\/td><\/tr><tr><td>Revendedor de um clique<\/td><td>Premium KeyStore<\/td><td>Leil\u00f5es Yahoo! (Jap\u00e3o)<\/td><\/tr><\/tbody><\/table><\/figure>\n\n\n\n<p>O UploadGIG aconselha a todos a n\u00e3o comprarem produtos e servi\u00e7os de quaisquer grupos ou organiza\u00e7\u00f5es que n\u00e3o estejam inclu\u00eddos na lista de revendedores autorizados.<\/p>\n\n\n\n<h4>Como ser um revendedor do UploadGIG?<\/h4>\n\n\n\n<p>Para ser um dos revendedores do UploadGIG no seu pa\u00eds, os utilizadores s\u00e3o obrigados a preencher um bilhete solicitando para ser revendedor do UploadGIG. O utilizador necessita de preencher as seguintes informa\u00e7\u00f5es necess\u00e1rias para o bilhete:<\/p>\n\n\n\n<ol><li>O tema da mensagem;<\/li><li>O endere\u00e7o de e-mail do utilizador;<\/li><li>O conte\u00fado da mensagem; e<\/li><li>O CAPTCHA correcto<\/li><\/ol>\n\n\n\n<p>Ap\u00f3s preencher os campos para o bilhete, clique no bot\u00e3o &#8220;Enviar&#8221; para enviar um pedido para o UploadGIG.<\/p>\n\n\n\n<h3>O Programa de Afiliados do UploadGIG<\/h3>\n\n\n\n<p>O UploadGIG oferece aos seus utilizadores uma forma de ganhar dinheiro enquanto utilizam o site, isto \u00e9 atrav\u00e9s do <a rel=\"noreferrer noopener\" href=\"http:\/\/uploadgig.com\/affiliate\" target=\"_blank\">Programa de Afiliados<\/a>. Como afiliado, os utilizadores podem usufruir de taxas de comiss\u00e3o generosas com os an\u00fancios de maior desempenho e p\u00e1ginas de destino que tenham. O melhor de tudo, os planos de subscri\u00e7\u00e3o s\u00e3o altamente competitivos.<\/p>\n\n\n\n<h4>Como come\u00e7ar e ganhar no Programa de Afiliados?<\/h4>\n\n\n\n<p>Tal como com alguns outros programas de afiliados, os utilizadores devem primeiro inscrever-se. Uma vez aprovado como o \u00faltimo afiliado, os utilizadores ter\u00e3o de registar o URL emitido que ser\u00e1 utilizado para direccionar os convidados. Ap\u00f3s o URL de afiliado ter sido registado e confirmado, os utilizadores poder\u00e3o escolher a palavra links ou cartazes que ir\u00e3o utilizar para o seu site.<\/p>\n\n\n\n<p>Estes banners e links de texto s\u00e3o ent\u00e3o utilizados para gerar as vendas. Este link URL pode ser aplicado para refer\u00eancias de conta. O objectivo \u00e9 que a refer\u00eancia assegure uma compra utilizando o link URL e que, por sua vez, o utilizador receber\u00e1 uma comiss\u00e3o.<\/p>\n\n\n\n<h4>Quais s\u00e3o os tipos de conta para o Programa de Afiliados?<\/h4>\n\n\n\n<p>Como mencionado, um utilizador tamb\u00e9m pode ganhar dinheiro com as suas refer\u00eancias, mas \u00e9 de acordo com o tipo de conta em que se encontram. Os tipos de conta UploadGIG para o Programa de Afiliados s\u00e3o B\u00e1sico, Bronze, Prata, Ouro, Platina, e Diamante. Por favor veja os detalhes abaixo para o Programa de Afiliados do UploadGIG.<\/p>\n\n\n\n<figure class=\"wp-block-table\"><table><tbody><tr><td>UploadGIG Tipo de Conta Afiliada<\/td><td>Tamanho do disco (em Terabytes)<\/td><td>Data de expira\u00e7\u00e3o do processo (em dias)<\/td><td>Taxa ou Percentagem do Pagamento por Venda (PPS) e refil<\/td><td>Qual \u00e9 a dura\u00e7\u00e3o do pagamento? (em dias)<\/td><td>Actualizar N\u00edvel da Conta de Afiliado<\/td><\/tr><tr><td>Basic<\/td><td>2 TB<\/td><td>15<\/td><td>50%<\/td><td>15<\/td><td>N\u00edvel inicial<\/td><\/tr><tr><td>Bronze<\/td><td>4 TB<\/td><td>30<\/td><td>60%<\/td><td>12<\/td><td>Quando as vendas atingem 200 USD<\/td><\/tr><tr><td>Silver<\/td><td>8 TB<\/td><td>45<\/td><td>65%<\/td><td>10<\/td><td>Quando as vendas atingem 500 USD<\/td><\/tr><tr><td>Gold<\/td><td>20 TB<\/td><td>60<\/td><td>70%<\/td><td>7<\/td><td>Quando as vendas atingem 2.000 USD<\/td><\/tr><tr><td>Platinum<\/td><td>50 TB<\/td><td>90<\/td><td>75%<\/td><td>5<\/td><td>Quando as vendas atingem 5.000 USD<\/td><\/tr><tr><td>Diamond<\/td><td>200 TB<\/td><td>120<\/td><td>80%<\/td><td>3<\/td><td>Quando as vendas atingem 20.000 USD<\/td><\/tr><\/tbody><\/table><\/figure>\n\n\n\n<p>A conta B\u00e1sica ser\u00e1 o padr\u00e3o para todas as novas contas de usu\u00e1rio que ent\u00e3o aderem ao Programa de Afiliados, uma conta de usu\u00e1rio Afiliado s\u00f3 \u00e9 atualizada automaticamente quando um usu\u00e1rio atinge o valor de vendas necess\u00e1rio para o pr\u00f3ximo n\u00edvel.<\/p>\n\n\n\n<h2>Pol\u00edtica de Reembolso e Reembolso<\/h2>\n\n\n\n<p>Se um utilizador considerar os servi\u00e7os UploadGIG insatisfat\u00f3rios, pode solicitar o cancelamento da sua conta ou ades\u00e3o e solicitar o reembolso. O UploadGIG garante a todos os seus utilizadores que devolver\u00e3o o seu dinheiro caso n\u00e3o fiquem satisfeitos com os servi\u00e7os. Para melhorar continuamente as suas caracter\u00edsticas e servi\u00e7os, o UploadGIG pedir\u00e1 tamb\u00e9m aos seus utilizadores que lhes d\u00eaem o seu motivo para o reembolso.<\/p>\n\n\n\n<p>Para um reembolso total, o usu\u00e1rio s\u00f3 est\u00e1 autorizado a solicitar dentro dos seus primeiros tr\u00eas (3) dias de utiliza\u00e7\u00e3o da conta premium. Al\u00e9m disso, o usu\u00e1rio n\u00e3o deve ter baixado dois (2) arquivos que n\u00e3o podem ser superiores a um total de um gigabyte (1 GB). <\/p>\n\n\n\n<p>Para outras preocupa\u00e7\u00f5es sobre o cancelamento ou o reembolso, os utilizadores podem enviar um e-mail para support@uploadgig.com ou info@uploadgig.com ou atrav\u00e9s do formul\u00e1rio de ticket de suporte encontrado na p\u00e1gina de suporte do site UploadGIG.<\/p>\n\n\n\n<h2>Conclus\u00e3o<\/h2>\n\n\n\n<p>Existem hoje muitos fornecedores de alojamento de ficheiros no mercado que d\u00e3o resposta \u00e0 necessidade crescente de armazenamento na nuvem. O UploadGIG pode ser um desses, mas a Conta Premium do UploadGIG ir\u00e1 dar-lhe o valor do seu dinheiro. Por um lado, os utilizadores podem usufruir da maior velocidade de download, ajudados pela funcionalidade de download paralelo que acelera a velocidade de download ao criar trabalhos paralelos para lidar com o download, os utilizadores tamb\u00e9m beneficiam de um download directo e gratuito, e podem tamb\u00e9m dizer adeus ao tempo de espera e ser 100% an\u00f3nimos. O UploadGIG assegura que as contas e ficheiros do cliente s\u00e3o mantidos em seguran\u00e7a. Todos esses benef\u00edcios de uma conta premium t\u00eam um pre\u00e7o muito acess\u00edvel.<\/p>\n\n\n\n<p>O UploadGIG tamb\u00e9m \u00e9 suportado por um programa de revenda para atender e alcan\u00e7ar mais usu\u00e1rios potenciais e programas afiliados para ajudar os usu\u00e1rios a ganhar enquanto utilizam o site.<\/p>\n\n\n\n<p>Refer\u00eancias:<br><a rel=\"noreferrer noopener\" href=\"https:\/\/en.wikipedia.org\/wiki\/File_hosting_service#Uses\" target=\"_blank\">https:\/\/en.wikipedia.org\/wiki\/File_hosting_service#Uses<\/a><br><a rel=\"noreferrer noopener\" href=\"https:\/\/blog.stackpath.com\/glossary-content-caching\/\" target=\"_blank\">https:\/\/blog.stackpath.com\/glossary-content-caching\/<\/a><br><a rel=\"noreferrer noopener\" href=\"https:\/\/sea.pcmag.com\/storage\/8885\/the-best-cloud-storage-and-file-sharing-services-for-2019\" target=\"_blank\">https:\/\/sea.pcmag.com\/storage\/8885\/the-best-cloud-storage-and-file-sharing-services-for-2019<\/a><\/p>\n\n\n<a class=\"maxbutton-1 maxbutton maxbutton-cta\" target=\"_blank\" rel=\"nofollow noopener\" href=\"\/go\/\"><span class='mb-text'>&gt;&gt; Ir para o site oficial Uploadgig.com<\/span><\/a>\n\n\n<p><\/p>\n","protected":false},"excerpt":{"rendered":"<p>O que \u00e9 um File Hoster? Um anfitri\u00e3o de ficheiros \u00e9 um fornecedor de servi\u00e7os que aloja ficheiros de utilizadores<\/p>\n","protected":false},"author":3,"featured_media":0,"parent":0,"menu_order":0,"comment_status":"closed","ping_status":"closed","template":"","meta":[],"_links":{"self":[{"href":"https:\/\/www.uploadgig.xyz\/pt-pt\/wp-json\/wp\/v2\/pages\/145"}],"collection":[{"href":"https:\/\/www.uploadgig.xyz\/pt-pt\/wp-json\/wp\/v2\/pages"}],"about":[{"href":"https:\/\/www.uploadgig.xyz\/pt-pt\/wp-json\/wp\/v2\/types\/page"}],"author":[{"embeddable":true,"href":"https:\/\/www.uploadgig.xyz\/pt-pt\/wp-json\/wp\/v2\/users\/3"}],"replies":[{"embeddable":true,"href":"https:\/\/www.uploadgig.xyz\/pt-pt\/wp-json\/wp\/v2\/comments?post=145"}],"version-history":[{"count":4,"href":"https:\/\/www.uploadgig.xyz\/pt-pt\/wp-json\/wp\/v2\/pages\/145\/revisions"}],"predecessor-version":[{"id":191,"href":"https:\/\/www.uploadgig.xyz\/pt-pt\/wp-json\/wp\/v2\/pages\/145\/revisions\/191"}],"wp:attachment":[{"href":"https:\/\/www.uploadgig.xyz\/pt-pt\/wp-json\/wp\/v2\/media?parent=145"}],"curies":[{"name":"wp","href":"https:\/\/api.w.org\/{rel}","templated":true}]}}